{"id":3474,"date":"2022-11-15T00:02:57","date_gmt":"2022-11-15T00:02:57","guid":{"rendered":"https:\/\/imaginalco.org\/?page_id=3474"},"modified":"2023-08-24T07:34:42","modified_gmt":"2023-08-24T07:34:42","slug":"asi-no-jugamos-nosotros","status":"publish","type":"page","link":"https:\/\/imaginalco.org\/en\/asi-no-jugamos-nosotros\/","title":{"rendered":"Get to know us"},"content":{"rendered":"<div data-elementor-type=\"wp-page\" data-elementor-id=\"3474\" class=\"elementor elementor-3474\" data-elementor-post-type=\"page\">\n\t\t\t\t\t\t<section data-particle_enable=\"false\" data-particle-mobile-disabled=\"false\" class=\"elementor-section elementor-top-section elementor-element elementor-element-eee5559 elementor-section-content-middle elementor-section-height-min-height elementor-section-boxed elementor-section-height-default elementor-section-items-middle\" data-id=\"eee5559\" data-element_type=\"section\" data-e-type=\"section\">\n\t\t\t\t\t\t\t<div class=\"elementor-background-overlay\"><\/div>\n\t\t\t\t\t\t\t<div class=\"elementor-container elementor-column-gap-no\">\n\t\t\t\t\t<div class=\"elementor-column elementor-col-100 elementor-top-column elementor-element elementor-element-8a72158\" data-id=\"8a72158\" data-element_type=\"column\" data-e-type=\"column\">\n\t\t\t<div class=\"elementor-widget-wrap elementor-element-populated\">\n\t\t\t\t\t\t<div class=\"elementor-element elementor-element-a29bff8 elementor-widget elementor-widget-heading\" data-id=\"a29bff8\" data-element_type=\"widget\" data-e-type=\"widget\" data-widget_type=\"heading.default\">\n\t\t\t\t<div class=\"elementor-widget-container\">\n\t\t\t\t\t<h1 class=\"elementor-heading-title elementor-size-default\">Get to know us<\/h1>\t\t\t\t<\/div>\n\t\t\t\t<\/div>\n\t\t\t\t<div class=\"elementor-element elementor-element-972ae97 elementor-widget elementor-widget-text-editor\" data-id=\"972ae97\" data-element_type=\"widget\" data-e-type=\"widget\" data-widget_type=\"text-editor.default\">\n\t\t\t\t<div class=\"elementor-widget-container\">\n\t\t\t\t\t\t\t\t\t<p><span style=\"color: #324a6d; text-align: left;\">At Imaginalco we exist so that girls, boys, adolescents and young people in situations of social exclusion can choose a life they value, free of violence and in the full exercise of their rights. We broaden their tools, strengthen their skills and favor their access to opportunities for development, through personalized support that responds to their needs and interests and that allows us to work with their families and their community.<\/span><\/p>\t\t\t\t\t\t\t\t<\/div>\n\t\t\t\t<\/div>\n\t\t\t\t\t<\/div>\n\t\t<\/div>\n\t\t\t\t\t<\/div>\n\t\t<\/section>\n\t\t\t\t<section data-particle_enable=\"false\" data-particle-mobile-disabled=\"false\" class=\"elementor-section elementor-top-section elementor-element elementor-element-acf6ad4 elementor-section-content-middle elementor-section-height-min-height elementor-section-items-stretch elementor-section-boxed elementor-section-height-default\" data-id=\"acf6ad4\" data-element_type=\"section\" data-e-type=\"section\">\n\t\t\t\t\t\t<div class=\"elementor-container elementor-column-gap-no\">\n\t\t\t\t\t<div class=\"elementor-column elementor-col-100 elementor-top-column elementor-element elementor-element-477e0a15\" data-id=\"477e0a15\" data-element_type=\"column\" data-e-type=\"column\" data-settings=\"{&quot;background_background&quot;:&quot;classic&quot;}\">\n\t\t\t<div class=\"elementor-widget-wrap elementor-element-populated\">\n\t\t\t\t\t\t<div class=\"elementor-element elementor-element-54ce2fa elementor-widget elementor-widget-spacer\" data-id=\"54ce2fa\" data-element_type=\"widget\" data-e-type=\"widget\" data-widget_type=\"spacer.default\">\n\t\t\t\t<div class=\"elementor-widget-container\">\n\t\t\t\t\t\t\t<div class=\"elementor-spacer\">\n\t\t\t<div class=\"elementor-spacer-inner\"><\/div>\n\t\t<\/div>\n\t\t\t\t\t\t<\/div>\n\t\t\t\t<\/div>\n\t\t\t\t\t<\/div>\n\t\t<\/div>\n\t\t\t\t\t<\/div>\n\t\t<\/section>\n\t\t\t\t<section data-particle_enable=\"false\" data-particle-mobile-disabled=\"false\" class=\"elementor-section elementor-top-section elementor-element elementor-element-42b3bd54 elementor-section-content-middle elementor-reverse-mobile elementor-section-boxed elementor-section-height-default elementor-section-height-default\" data-id=\"42b3bd54\" data-element_type=\"section\" data-e-type=\"section\">\n\t\t\t\t\t\t<div class=\"elementor-container elementor-column-gap-no\">\n\t\t\t\t\t<div class=\"elementor-column elementor-col-100 elementor-top-column elementor-element elementor-element-6673a92d\" data-id=\"6673a92d\" data-element_type=\"column\" data-e-type=\"column\">\n\t\t\t<div class=\"elementor-widget-wrap elementor-element-populated\">\n\t\t\t\t\t\t<div class=\"elementor-element elementor-element-642800cf elementor-widget elementor-widget-heading\" data-id=\"642800cf\" data-element_type=\"widget\" data-e-type=\"widget\" data-widget_type=\"heading.default\">\n\t\t\t\t<div class=\"elementor-widget-container\">\n\t\t\t\t\t<h5 class=\"elementor-heading-title elementor-size-default\">Why do we work on Child Sexual Abuse (ASI) issues?<\/h5>\t\t\t\t<\/div>\n\t\t\t\t<\/div>\n\t\t\t\t<div class=\"elementor-element elementor-element-5610bba2 elementor-widget elementor-widget-text-editor\" data-id=\"5610bba2\" data-element_type=\"widget\" data-e-type=\"widget\" data-widget_type=\"text-editor.default\">\n\t\t\t\t<div class=\"elementor-widget-container\">\n\t\t\t\t\t\t\t\t\t<p style=\"text-align: left;\">Based on contact and presence since 2012 in the Malinalco community, we detected a very high rate of incidence of child sexual abuse in the population with which we work. Up to 85% of the girls and adolescent women close to our programs acknowledged living or having experienced some type of sexual abuse at least once in their lives.\u00a0<\/p><p style=\"text-align: left;\"><span style=\"letter-spacing: 0px; word-spacing: 0em;\">Child sexual abuse worries us because it profoundly violates the rights of girls and boys to live free of violence and to develop fully. The people and institutions that collaborate in Imaginalco or that have joined this effort as allies, have decided to act strategically in the face of this problem in order to fulfill the most important function that we have as a society: to take care of each other, and especially the more vulnerable.\u00a0<\/span><\/p><p style=\"text-align: left;\">For this reason, since 2018 we began to explore ways to protect girls and boys from sexual abuse. In 2020 we changed from a reactive approach to a specific proposal to prevent the problem, reduce the incidence and address the impacts. We seek alliances with strategic actors, to design and implement a comprehensive strategy that effectively addresses different aspects of the issue.\u00a0<\/p>\t\t\t\t\t\t\t\t<\/div>\n\t\t\t\t<\/div>\n\t\t\t\t\t<\/div>\n\t\t<\/div>\n\t\t\t\t\t<\/div>\n\t\t<\/section>\n\t\t\t\t<section data-particle_enable=\"false\" data-particle-mobile-disabled=\"false\" class=\"elementor-section elementor-top-section elementor-element elementor-element-a4784ce elementor-section-boxed elementor-section-height-default elementor-section-height-default\" data-id=\"a4784ce\" data-element_type=\"section\" data-e-type=\"section\">\n\t\t\t\t\t\t<div class=\"elementor-container elementor-column-gap-default\">\n\t\t\t\t\t<div class=\"elementor-column elementor-col-100 elementor-top-column elementor-element elementor-element-e2157cc\" data-id=\"e2157cc\" data-element_type=\"column\" data-e-type=\"column\">\n\t\t\t<div class=\"elementor-widget-wrap elementor-element-populated\">\n\t\t\t\t\t\t<div class=\"elementor-element elementor-element-7e46cc8 elementor-widget elementor-widget-spacer\" data-id=\"7e46cc8\" data-element_type=\"widget\" data-e-type=\"widget\" data-widget_type=\"spacer.default\">\n\t\t\t\t<div class=\"elementor-widget-container\">\n\t\t\t\t\t\t\t<div class=\"elementor-spacer\">\n\t\t\t<div class=\"elementor-spacer-inner\"><\/div>\n\t\t<\/div>\n\t\t\t\t\t\t<\/div>\n\t\t\t\t<\/div>\n\t\t\t\t\t<\/div>\n\t\t<\/div>\n\t\t\t\t\t<\/div>\n\t\t<\/section>\n\t\t\t\t<\/div>","protected":false},"excerpt":{"rendered":"<p>\u00bfQui\u00e9nes somos? En Imaginalco existimos para que las ni\u00f1as, ni\u00f1os, adolescentes y j\u00f3venes en situaci\u00f3n de exclusi\u00f3n social puedan\u00a0 elegir una vida que valoran, libre de violencia y en el pleno ejercicio de sus derechos. Ampliamos sus herramientas, fortalecemos sus habilidades y favorecemos su acceso a oportunidades para el desarrollo, a trav\u00e9s de un acompa\u00f1amiento [&hellip;]<\/p>\n","protected":false},"author":39,"featured_media":0,"parent":0,"menu_order":0,"comment_status":"closed","ping_status":"closed","template":"","meta":{"_eb_attr":"","footnotes":""},"class_list":["post-3474","page","type-page","status-publish","hentry"],"_links":{"self":[{"href":"https:\/\/imaginalco.org\/en\/wp-json\/wp\/v2\/pages\/3474","targetHints":{"allow":["GET"]}}],"collection":[{"href":"https:\/\/imaginalco.org\/en\/wp-json\/wp\/v2\/pages"}],"about":[{"href":"https:\/\/imaginalco.org\/en\/wp-json\/wp\/v2\/types\/page"}],"author":[{"embeddable":true,"href":"https:\/\/imaginalco.org\/en\/wp-json\/wp\/v2\/users\/39"}],"replies":[{"embeddable":true,"href":"https:\/\/imaginalco.org\/en\/wp-json\/wp\/v2\/comments?post=3474"}],"version-history":[{"count":1,"href":"https:\/\/imaginalco.org\/en\/wp-json\/wp\/v2\/pages\/3474\/revisions"}],"predecessor-version":[{"id":5822,"href":"https:\/\/imaginalco.org\/en\/wp-json\/wp\/v2\/pages\/3474\/revisions\/5822"}],"wp:attachment":[{"href":"https:\/\/imaginalco.org\/en\/wp-json\/wp\/v2\/media?parent=3474"}],"curies":[{"name":"wp","href":"https:\/\/api.w.org\/{rel}","templated":true}]}}