{"id":3478,"date":"2022-11-15T00:03:49","date_gmt":"2022-11-15T00:03:49","guid":{"rendered":"https:\/\/imaginalco.org\/?page_id=3478"},"modified":"2023-08-24T07:35:00","modified_gmt":"2023-08-24T07:35:00","slug":"nuestro-programa","status":"publish","type":"page","link":"https:\/\/imaginalco.org\/en\/nuestro-programa\/","title":{"rendered":"Our Program"},"content":{"rendered":"<div data-elementor-type=\"wp-page\" data-elementor-id=\"3478\" class=\"elementor elementor-3478\" data-elementor-post-type=\"page\">\n\t\t\t\t\t\t<section data-particle_enable=\"false\" data-particle-mobile-disabled=\"false\" class=\"elementor-section elementor-top-section elementor-element elementor-element-231eefc elementor-section-content-middle elementor-section-boxed elementor-section-height-default elementor-section-height-default\" data-id=\"231eefc\" data-element_type=\"section\" data-e-type=\"section\">\n\t\t\t\t\t\t\t<div class=\"elementor-background-overlay\"><\/div>\n\t\t\t\t\t\t\t<div class=\"elementor-container elementor-column-gap-no\">\n\t\t\t\t\t<div class=\"elementor-column elementor-col-100 elementor-top-column elementor-element elementor-element-d3eb434\" data-id=\"d3eb434\" data-element_type=\"column\" data-e-type=\"column\">\n\t\t\t<div class=\"elementor-widget-wrap elementor-element-populated\">\n\t\t\t\t\t\t<div class=\"elementor-element elementor-element-a3c916a elementor-widget elementor-widget-heading\" data-id=\"a3c916a\" data-element_type=\"widget\" data-e-type=\"widget\" data-widget_type=\"heading.default\">\n\t\t\t\t<div class=\"elementor-widget-container\">\n\t\t\t\t\t<h1 class=\"elementor-heading-title elementor-size-default\">our program<\/h1>\t\t\t\t<\/div>\n\t\t\t\t<\/div>\n\t\t\t\t<div class=\"elementor-element elementor-element-ba92719 elementor-widget elementor-widget-text-editor\" data-id=\"ba92719\" data-element_type=\"widget\" data-e-type=\"widget\" data-widget_type=\"text-editor.default\">\n\t\t\t\t<div class=\"elementor-widget-container\">\n\t\t\t\t\t\t\t\t\t<p><span style=\"color: #2d2d2d;\">Through our strategy we seek to strengthen the capacities in the community to detect, prevent and attend to ASI in Malinalco, and thus ensure the right of children and young people to a life free of violence. To achieve this, our strategy is made up of the following components:<\/span><\/p>\t\t\t\t\t\t\t\t<\/div>\n\t\t\t\t<\/div>\n\t\t\t\t\t<\/div>\n\t\t<\/div>\n\t\t\t\t\t<\/div>\n\t\t<\/section>\n\t\t\t\t<section data-particle_enable=\"false\" data-particle-mobile-disabled=\"false\" class=\"elementor-section elementor-top-section elementor-element elementor-element-c8ebd7a elementor-section-boxed elementor-section-height-default elementor-section-height-default\" data-id=\"c8ebd7a\" data-element_type=\"section\" data-e-type=\"section\">\n\t\t\t\t\t\t<div class=\"elementor-container elementor-column-gap-default\">\n\t\t\t\t\t<div class=\"elementor-column elementor-col-33 elementor-top-column elementor-element elementor-element-3cece6a\" data-id=\"3cece6a\" data-element_type=\"column\" data-e-type=\"column\">\n\t\t\t<div class=\"elementor-widget-wrap elementor-element-populated\">\n\t\t\t\t\t\t<div class=\"elementor-element elementor-element-ed27860 elementor-position-top elementor-widget elementor-widget-image-box\" data-id=\"ed27860\" data-element_type=\"widget\" data-e-type=\"widget\" data-widget_type=\"image-box.default\">\n\t\t\t\t<div class=\"elementor-widget-container\">\n\t\t\t\t\t<div class=\"elementor-image-box-wrapper\"><figure class=\"elementor-image-box-img\"><a href=\"https:\/\/imaginalco.org\/en\/educacion\/\" tabindex=\"-1\"><img fetchpriority=\"high\" decoding=\"async\" width=\"1472\" height=\"982\" src=\"https:\/\/imaginalco.org\/wp-content\/uploads\/2022\/07\/Final_Einar_Color_Mali_DSC2435_11zon.jpg\" class=\"attachment-full size-full wp-image-789\" alt=\"\" srcset=\"https:\/\/imaginalco.org\/wp-content\/uploads\/2022\/07\/Final_Einar_Color_Mali_DSC2435_11zon.jpg 1472w, https:\/\/imaginalco.org\/wp-content\/uploads\/2022\/07\/Final_Einar_Color_Mali_DSC2435_11zon-300x200.jpg 300w, https:\/\/imaginalco.org\/wp-content\/uploads\/2022\/07\/Final_Einar_Color_Mali_DSC2435_11zon-1024x683.jpg 1024w, https:\/\/imaginalco.org\/wp-content\/uploads\/2022\/07\/Final_Einar_Color_Mali_DSC2435_11zon-768x512.jpg 768w\" sizes=\"(max-width: 1472px) 100vw, 1472px\" \/><\/a><\/figure><div class=\"elementor-image-box-content\"><h3 class=\"elementor-image-box-title\"><a href=\"https:\/\/imaginalco.org\/en\/educacion\/\"><b>Education<\/b><\/a><\/h3><p class=\"elementor-image-box-description\">Development of knowledge and tools that promote the prevention of child sexual abuse.<\/p><\/div><\/div>\t\t\t\t<\/div>\n\t\t\t\t<\/div>\n\t\t\t\t\t<\/div>\n\t\t<\/div>\n\t\t\t\t<div class=\"elementor-column elementor-col-33 elementor-top-column elementor-element elementor-element-469739b\" data-id=\"469739b\" data-element_type=\"column\" data-e-type=\"column\">\n\t\t\t<div class=\"elementor-widget-wrap elementor-element-populated\">\n\t\t\t\t\t\t<div class=\"elementor-element elementor-element-6f61cee elementor-position-top elementor-widget elementor-widget-image-box\" data-id=\"6f61cee\" data-element_type=\"widget\" data-e-type=\"widget\" data-widget_type=\"image-box.default\">\n\t\t\t\t<div class=\"elementor-widget-container\">\n\t\t\t\t\t<div class=\"elementor-image-box-wrapper\"><figure class=\"elementor-image-box-img\"><a href=\"https:\/\/imaginalco.org\/en\/comunicacion\/\" tabindex=\"-1\"><img decoding=\"async\" width=\"1150\" height=\"1274\" src=\"https:\/\/imaginalco.org\/wp-content\/uploads\/2022\/11\/ASI-definiciones-4-e1668793319668.png\" class=\"attachment-full size-full wp-image-3888\" alt=\"\" srcset=\"https:\/\/imaginalco.org\/wp-content\/uploads\/2022\/11\/ASI-definiciones-4-e1668793319668.png 1150w, https:\/\/imaginalco.org\/wp-content\/uploads\/2022\/11\/ASI-definiciones-4-e1668793319668-271x300.png 271w, https:\/\/imaginalco.org\/wp-content\/uploads\/2022\/11\/ASI-definiciones-4-e1668793319668-924x1024.png 924w, https:\/\/imaginalco.org\/wp-content\/uploads\/2022\/11\/ASI-definiciones-4-e1668793319668-768x851.png 768w, https:\/\/imaginalco.org\/wp-content\/uploads\/2022\/11\/ASI-definiciones-4-e1668793319668-11x12.png 11w\" sizes=\"(max-width: 1150px) 100vw, 1150px\" \/><\/a><\/figure><div class=\"elementor-image-box-content\"><h3 class=\"elementor-image-box-title\"><a href=\"https:\/\/imaginalco.org\/en\/comunicacion\/\"><b>Communication<\/b><\/a><\/h3><p class=\"elementor-image-box-description\">Design and implementation of community communication strategies for social change.<\/p><\/div><\/div>\t\t\t\t<\/div>\n\t\t\t\t<\/div>\n\t\t\t\t\t<\/div>\n\t\t<\/div>\n\t\t\t\t<div class=\"elementor-column elementor-col-33 elementor-top-column elementor-element elementor-element-6468e77\" data-id=\"6468e77\" data-element_type=\"column\" data-e-type=\"column\">\n\t\t\t<div class=\"elementor-widget-wrap elementor-element-populated\">\n\t\t\t\t\t\t<div class=\"elementor-element elementor-element-85d3760 elementor-position-top elementor-widget elementor-widget-image-box\" data-id=\"85d3760\" data-element_type=\"widget\" data-e-type=\"widget\" data-widget_type=\"image-box.default\">\n\t\t\t\t<div class=\"elementor-widget-container\">\n\t\t\t\t\t<div class=\"elementor-image-box-wrapper\"><figure class=\"elementor-image-box-img\"><a href=\"https:\/\/imaginalco.org\/en\/atencion\/\" tabindex=\"-1\"><img decoding=\"async\" width=\"2560\" height=\"1708\" src=\"https:\/\/imaginalco.org\/wp-content\/uploads\/2022\/04\/Copia-de-Final_Einar_Color_Mali_DSC2496_11zon-scaled.jpg\" class=\"attachment-full size-full wp-image-387\" alt=\"\" srcset=\"https:\/\/imaginalco.org\/wp-content\/uploads\/2022\/04\/Copia-de-Final_Einar_Color_Mali_DSC2496_11zon-scaled.jpg 2560w, https:\/\/imaginalco.org\/wp-content\/uploads\/2022\/04\/Copia-de-Final_Einar_Color_Mali_DSC2496_11zon-300x200.jpg 300w, https:\/\/imaginalco.org\/wp-content\/uploads\/2022\/04\/Copia-de-Final_Einar_Color_Mali_DSC2496_11zon-1024x683.jpg 1024w, https:\/\/imaginalco.org\/wp-content\/uploads\/2022\/04\/Copia-de-Final_Einar_Color_Mali_DSC2496_11zon-768x512.jpg 768w, https:\/\/imaginalco.org\/wp-content\/uploads\/2022\/04\/Copia-de-Final_Einar_Color_Mali_DSC2496_11zon-1536x1025.jpg 1536w, https:\/\/imaginalco.org\/wp-content\/uploads\/2022\/04\/Copia-de-Final_Einar_Color_Mali_DSC2496_11zon-2048x1366.jpg 2048w\" sizes=\"(max-width: 2560px) 100vw, 2560px\" \/><\/a><\/figure><div class=\"elementor-image-box-content\"><h3 class=\"elementor-image-box-title\"><a href=\"https:\/\/imaginalco.org\/en\/atencion\/\"><b>Care and Attention<\/b><\/a><\/h3><p class=\"elementor-image-box-description\">Psychological and therapeutic accompaniment to victims of child sexual abuse.<\/p><\/div><\/div>\t\t\t\t<\/div>\n\t\t\t\t<\/div>\n\t\t\t\t\t<\/div>\n\t\t<\/div>\n\t\t\t\t\t<\/div>\n\t\t<\/section>\n\t\t\t\t<section data-particle_enable=\"false\" data-particle-mobile-disabled=\"false\" class=\"elementor-section elementor-top-section elementor-element elementor-element-5fe287b elementor-section-boxed elementor-section-height-default elementor-section-height-default\" data-id=\"5fe287b\" data-element_type=\"section\" data-e-type=\"section\">\n\t\t\t\t\t\t<div class=\"elementor-container elementor-column-gap-default\">\n\t\t\t\t\t<div class=\"elementor-column elementor-col-100 elementor-top-column elementor-element elementor-element-7913ee9\" data-id=\"7913ee9\" data-element_type=\"column\" data-e-type=\"column\">\n\t\t\t<div class=\"elementor-widget-wrap elementor-element-populated\">\n\t\t\t\t\t\t<div class=\"elementor-element elementor-element-c76e42f elementor-widget elementor-widget-spacer\" data-id=\"c76e42f\" data-element_type=\"widget\" data-e-type=\"widget\" data-widget_type=\"spacer.default\">\n\t\t\t\t<div class=\"elementor-widget-container\">\n\t\t\t\t\t\t\t<div class=\"elementor-spacer\">\n\t\t\t<div class=\"elementor-spacer-inner\"><\/div>\n\t\t<\/div>\n\t\t\t\t\t\t<\/div>\n\t\t\t\t<\/div>\n\t\t\t\t\t<\/div>\n\t\t<\/div>\n\t\t\t\t\t<\/div>\n\t\t<\/section>\n\t\t\t\t<\/div>","protected":false},"excerpt":{"rendered":"<p>Nuestro programa A trav\u00e9s de nuestra estrategia buscamos fortalecer las capacidades en la comunidad para detectar, prevenir y atender el ASI en Malinalco, y as\u00ed asegurar el derecho de ni\u00f1os, ni\u00f1as y j\u00f3venes a una vida libre de violencia. Para lograr esto, nuestra estrategia est\u00e1 conformada por los siguientes componentes componentes Educaci\u00f3n Desarrollo de conocimientos [&hellip;]<\/p>\n","protected":false},"author":39,"featured_media":0,"parent":0,"menu_order":0,"comment_status":"closed","ping_status":"closed","template":"","meta":{"_eb_attr":"","footnotes":""},"class_list":["post-3478","page","type-page","status-publish","hentry"],"_links":{"self":[{"href":"https:\/\/imaginalco.org\/en\/wp-json\/wp\/v2\/pages\/3478","targetHints":{"allow":["GET"]}}],"collection":[{"href":"https:\/\/imaginalco.org\/en\/wp-json\/wp\/v2\/pages"}],"about":[{"href":"https:\/\/imaginalco.org\/en\/wp-json\/wp\/v2\/types\/page"}],"author":[{"embeddable":true,"href":"https:\/\/imaginalco.org\/en\/wp-json\/wp\/v2\/users\/39"}],"replies":[{"embeddable":true,"href":"https:\/\/imaginalco.org\/en\/wp-json\/wp\/v2\/comments?post=3478"}],"version-history":[{"count":1,"href":"https:\/\/imaginalco.org\/en\/wp-json\/wp\/v2\/pages\/3478\/revisions"}],"predecessor-version":[{"id":5837,"href":"https:\/\/imaginalco.org\/en\/wp-json\/wp\/v2\/pages\/3478\/revisions\/5837"}],"wp:attachment":[{"href":"https:\/\/imaginalco.org\/en\/wp-json\/wp\/v2\/media?parent=3478"}],"curies":[{"name":"wp","href":"https:\/\/api.w.org\/{rel}","templated":true}]}}