{"id":3480,"date":"2022-11-15T00:04:02","date_gmt":"2022-11-15T00:04:02","guid":{"rendered":"https:\/\/imaginalco.org\/?page_id=3480"},"modified":"2023-08-24T07:36:08","modified_gmt":"2023-08-24T07:36:08","slug":"recursos","status":"publish","type":"page","link":"https:\/\/imaginalco.org\/en\/recursos\/","title":{"rendered":"Means"},"content":{"rendered":"<div data-elementor-type=\"wp-page\" data-elementor-id=\"3480\" class=\"elementor elementor-3480\" data-elementor-post-type=\"page\">\n\t\t\t\t\t\t<section data-particle_enable=\"false\" data-particle-mobile-disabled=\"false\" class=\"elementor-section elementor-top-section elementor-element elementor-element-b12924a elementor-section-content-middle elementor-section-boxed elementor-section-height-default elementor-section-height-default\" data-id=\"b12924a\" data-element_type=\"section\" data-e-type=\"section\">\n\t\t\t\t\t\t\t<div class=\"elementor-background-overlay\"><\/div>\n\t\t\t\t\t\t\t<div class=\"elementor-container elementor-column-gap-no\">\n\t\t\t\t\t<div class=\"elementor-column elementor-col-100 elementor-top-column elementor-element elementor-element-85fffac\" data-id=\"85fffac\" data-element_type=\"column\" data-e-type=\"column\">\n\t\t\t<div class=\"elementor-widget-wrap elementor-element-populated\">\n\t\t\t\t\t\t<div class=\"elementor-element elementor-element-5a19bcd elementor-widget elementor-widget-heading\" data-id=\"5a19bcd\" data-element_type=\"widget\" data-e-type=\"widget\" data-widget_type=\"heading.default\">\n\t\t\t\t<div class=\"elementor-widget-container\">\n\t\t\t\t\t<h1 class=\"elementor-heading-title elementor-size-default\">Means<\/h1>\t\t\t\t<\/div>\n\t\t\t\t<\/div>\n\t\t\t\t<div class=\"elementor-element elementor-element-d09fea1 elementor-widget elementor-widget-text-editor\" data-id=\"d09fea1\" data-element_type=\"widget\" data-e-type=\"widget\" data-widget_type=\"text-editor.default\">\n\t\t\t\t<div class=\"elementor-widget-container\">\n\t\t\t\t\t\t\t\t\t<p><span style=\"color: #2d2d2d;\">You will find articles and videos to delve into topics related to child sexual abuse.<\/span><\/p>\t\t\t\t\t\t\t\t<\/div>\n\t\t\t\t<\/div>\n\t\t\t\t\t<\/div>\n\t\t<\/div>\n\t\t\t\t\t<\/div>\n\t\t<\/section>\n\t\t\t\t<section data-particle_enable=\"false\" data-particle-mobile-disabled=\"false\" class=\"elementor-section elementor-top-section elementor-element elementor-element-c77ec9d elementor-section-boxed elementor-section-height-default elementor-section-height-default\" data-id=\"c77ec9d\" data-element_type=\"section\" data-e-type=\"section\">\n\t\t\t\t\t\t<div class=\"elementor-container elementor-column-gap-default\">\n\t\t\t\t\t<div class=\"elementor-column elementor-col-50 elementor-top-column elementor-element elementor-element-fcf5cc4\" data-id=\"fcf5cc4\" data-element_type=\"column\" data-e-type=\"column\">\n\t\t\t<div class=\"elementor-widget-wrap elementor-element-populated\">\n\t\t\t\t\t\t<div class=\"elementor-element elementor-element-dd597cc elementor-widget elementor-widget-image\" data-id=\"dd597cc\" data-element_type=\"widget\" data-e-type=\"widget\" data-widget_type=\"image.default\">\n\t\t\t\t<div class=\"elementor-widget-container\">\n\t\t\t\t\t\t\t\t\t\t\t\t\t\t\t<img fetchpriority=\"high\" decoding=\"async\" width=\"2277\" height=\"4577\" src=\"https:\/\/imaginalco.org\/wp-content\/uploads\/2022\/11\/la-puberta-4-e1668796187397.png\" class=\"attachment-full size-full wp-image-3927\" alt=\"\" srcset=\"https:\/\/imaginalco.org\/wp-content\/uploads\/2022\/11\/la-puberta-4-e1668796187397.png 2277w, https:\/\/imaginalco.org\/wp-content\/uploads\/2022\/11\/la-puberta-4-e1668796187397-149x300.png 149w, https:\/\/imaginalco.org\/wp-content\/uploads\/2022\/11\/la-puberta-4-e1668796187397-509x1024.png 509w, https:\/\/imaginalco.org\/wp-content\/uploads\/2022\/11\/la-puberta-4-e1668796187397-768x1544.png 768w, https:\/\/imaginalco.org\/wp-content\/uploads\/2022\/11\/la-puberta-4-e1668796187397-764x1536.png 764w, https:\/\/imaginalco.org\/wp-content\/uploads\/2022\/11\/la-puberta-4-e1668796187397-1019x2048.png 1019w, https:\/\/imaginalco.org\/wp-content\/uploads\/2022\/11\/la-puberta-4-e1668796187397-6x12.png 6w\" sizes=\"(max-width: 2277px) 100vw, 2277px\" \/>\t\t\t\t\t\t\t\t\t\t\t\t\t\t\t<\/div>\n\t\t\t\t<\/div>\n\t\t\t\t\t<\/div>\n\t\t<\/div>\n\t\t\t\t<div class=\"elementor-column elementor-col-50 elementor-top-column elementor-element elementor-element-746e36b\" data-id=\"746e36b\" data-element_type=\"column\" data-e-type=\"column\">\n\t\t\t<div class=\"elementor-widget-wrap elementor-element-populated\">\n\t\t\t\t\t\t<div class=\"elementor-element elementor-element-f39a9cc elementor-widget elementor-widget-heading\" data-id=\"f39a9cc\" data-element_type=\"widget\" data-e-type=\"widget\" data-widget_type=\"heading.default\">\n\t\t\t\t<div class=\"elementor-widget-container\">\n\t\t\t\t\t<h2 class=\"elementor-heading-title elementor-size-default\">Resources for protective figures<\/h2>\t\t\t\t<\/div>\n\t\t\t\t<\/div>\n\t\t\t\t<div class=\"elementor-element elementor-element-895a69a elementor-widget elementor-widget-text-editor\" data-id=\"895a69a\" data-element_type=\"widget\" data-e-type=\"widget\" data-widget_type=\"text-editor.default\">\n\t\t\t\t<div class=\"elementor-widget-container\">\n\t\t\t\t\t\t\t\t\t<ul><li>Article: &quot;<a href=\"https:\/\/sexoysalud.consumer.es\/educaci%C3%B3n-y-derechos\/c%C3%B3mo-hablar-de-la-sexualidad-con-nuestros-hijos-e-hijas\" target=\"_blank\" rel=\"noopener\">Practical guide on sexuality. How to talk about sexuality with our daughters and sons?<\/a>&#8220;<br \/><br \/><\/li><li>PDF: \u201c<span style=\"color: #333333;\"><a href=\"https:\/\/drive.google.com\/file\/d\/1TzG5LVJMeVprcRgo5ek-Rnkeh02heUUQ\/view?usp=share_link\" target=\"_blank\" rel=\"noopener\">Sex education for girls and boys between the ages of 6-12<\/a>&#8220;<br \/><br \/><\/span><\/li><li>PDF: <a href=\"https:\/\/www.bibliotecaunicef.uy\/doc_num.php?explnum_id=74\" target=\"_blank\" rel=\"noopener\">\u201cIt is part of life, Support material on sexual education and disability to share with the family\u201d<\/a><br \/><br \/><\/li><li>PDF: \u201c<a href=\"https:\/\/www.plannedparenthood.org\/uploads\/filer_public\/cf\/0c\/cf0cd177-9c55-488a-b951-e9768d0c385e\/hey_what_do_i_say_spanish_2019_branded.pdf\" target=\"_blank\" rel=\"noopener\">And then what do I say? A guide written by Parents to help other Parents talk to their children about sexuality<\/a>&#8220;<\/li><\/ul>\t\t\t\t\t\t\t\t<\/div>\n\t\t\t\t<\/div>\n\t\t\t\t\t<\/div>\n\t\t<\/div>\n\t\t\t\t\t<\/div>\n\t\t<\/section>\n\t\t\t\t<section data-particle_enable=\"false\" data-particle-mobile-disabled=\"false\" class=\"elementor-section elementor-top-section elementor-element elementor-element-7e1cfd4 elementor-section-boxed elementor-section-height-default elementor-section-height-default\" data-id=\"7e1cfd4\" data-element_type=\"section\" data-e-type=\"section\">\n\t\t\t\t\t\t<div class=\"elementor-container elementor-column-gap-default\">\n\t\t\t\t\t<div class=\"elementor-column elementor-col-50 elementor-top-column elementor-element elementor-element-99dd6e2\" data-id=\"99dd6e2\" data-element_type=\"column\" data-e-type=\"column\">\n\t\t\t<div class=\"elementor-widget-wrap elementor-element-populated\">\n\t\t\t\t\t\t<div class=\"elementor-element elementor-element-1d0d80a elementor-widget elementor-widget-heading\" data-id=\"1d0d80a\" data-element_type=\"widget\" data-e-type=\"widget\" data-widget_type=\"heading.default\">\n\t\t\t\t<div class=\"elementor-widget-container\">\n\t\t\t\t\t<h2 class=\"elementor-heading-title elementor-size-default\">Resources for children and adolescents<\/h2>\t\t\t\t<\/div>\n\t\t\t\t<\/div>\n\t\t\t\t<div class=\"elementor-element elementor-element-f8dbd86 elementor-widget elementor-widget-text-editor\" data-id=\"f8dbd86\" data-element_type=\"widget\" data-e-type=\"widget\" data-widget_type=\"text-editor.default\">\n\t\t\t\t<div class=\"elementor-widget-container\">\n\t\t\t\t\t\t\t\t\t<ul><li><span style=\"color: #333333;\"><span style=\"color: #333333;\"><span style=\"color: #333333;\"><span style=\"color: #333333;\"><span style=\"color: #333333;\"><span style=\"color: #333333;\"><span style=\"color: #333333;\">PDF: <a href=\"http:\/\/indesol.gob.mx\/cedoc\/pdf\/V.%20Grupos%20Sociales\/Maltrato%20Infantil%20y%20Abuso%20Sexual%20Infantil\/La%20Playera%20de%20Filip%C3%B3n.pdf\" target=\"_blank\" rel=\"noopener\">&quot;Filipon&#039;s shirt&quot;\u00a0<\/a><br \/><br \/><\/span><\/span><\/span><\/span><\/span><\/span><\/span><\/li><li aria-level=\"1\"><span style=\"color: #333333;\"><span style=\"color: #333333;\"><span style=\"color: #333333;\"><span style=\"color: #333333;\"><span style=\"color: #333333;\"><span style=\"color: #333333;\"><span style=\"color: #333333;\">Story about sexuality to read as a family with boys and girls from 3 years old:<a href=\"https:\/\/www.observatoriodelainfancia.es\/ficherosoia\/documentos\/3844_d_No-le-cuentes-cuentos.pdf\" target=\"_blank\" rel=\"noopener\">&quot;Do not tell stories&quot;<\/a><br \/><br \/><\/span><\/span><\/span><\/span><\/span><\/span><\/span><\/li><li aria-level=\"1\">Video:<a href=\"https:\/\/www.youtube.com\/watch?v=qhKoCFQ3Yog&amp;t=1s&amp;ab_channel=explicamos\" target=\"_blank\" rel=\"noopener\"> &quot;Consent for Children&quot;<\/a><br \/><br \/><\/li><li aria-level=\"1\">Video: <a href=\"https:\/\/www.youtube.com\/watch?v=BuuyajcjFC4&amp;ab_channel=explicamos\" target=\"_blank\" rel=\"noopener\">\u201cConsent as simple as tea\u201d<\/a><br \/><br \/><\/li><li style=\"font-weight: 400;\" aria-level=\"1\"><span style=\"font-weight: 400;\"><span style=\"font-weight: 400;\">Video: <a href=\"https:\/\/www.youtube.com\/watch?v=5o3IjV1XWBo&amp;ab_channel=AngelFucaraccio\" target=\"_blank\" rel=\"noopener\">&quot;My body is my treasure&quot;<\/a><br \/><br \/><\/span><\/span><\/li><li style=\"font-weight: 400;\" aria-level=\"1\"><span style=\"font-weight: 400;\"><span style=\"font-weight: 400;\">See<span style=\"color: #333333;\">either: <a href=\"https:\/\/www.youtube.com\/watch?v=HI3CA9N4PlA&amp;ab_channel=M%C3%A9xicoUnido\" target=\"_blank\" rel=\"noopener\">&quot;Emotional education to prevent abuse&quot;<\/a><br \/><br \/><\/span><\/span><\/span><\/li><li style=\"font-weight: 400;\" aria-level=\"1\"><span style=\"font-weight: 400;\">Video: <a href=\"https:\/\/www.youtube.com\/watch?v=D09dJvk3LUc&amp;ab_channel=EscueladeVida\" target=\"_blank\" rel=\"noopener\">&quot;My body belongs to me&quot;<\/a><br \/><br \/><\/span><\/li><li style=\"font-weight: 400;\" aria-level=\"1\"><span style=\"color: #333333;\"><span style=\"color: #333333;\"><span style=\"color: #333333;\"><span style=\"color: #333333;\"><span style=\"color: #333333;\"><span style=\"color: #333333;\"><span style=\"color: #333333;\"><span style=\"color: #333333;\">Video:<\/span><\/span><\/span><\/span><\/span> <a href=\"https:\/\/www.youtube.com\/watch?v=ldYS1mkNsVs&amp;ab_channel=ObservatorioenSaludSexualyReproductivaOSAR\" target=\"_blank\" rel=\"noopener\">&quot;Tere&#039;s book (for girls)&quot;<\/a><br \/><br \/><\/span><\/span><\/span><\/li><li style=\"font-weight: 400;\" aria-level=\"1\"><span style=\"color: #333333;\"><span style=\"color: #333333;\"><span style=\"color: #333333;\"><span style=\"color: #333333;\"><span style=\"color: #333333;\"><span style=\"color: #333333;\"><span style=\"color: #333333;\"><span style=\"color: #333333;\">Video: <a href=\"https:\/\/www.youtube.com\/watch?v=CA0Zn-ZybLw&amp;ab_channel=ObservatorioenSaludSexualyReproductivaOSAR\" target=\"_blank\" rel=\"noopener\">\u201cThe book of Sebas (for children)\u201d<\/a><br \/><br \/><\/span><\/span><\/span><\/span><\/span><\/span><\/span><\/span><\/li><li style=\"font-weight: 400;\" aria-level=\"1\">Video: <a href=\"https:\/\/www.youtube.com\/watch?v=3hZbrOgPHDo&amp;ab_channel=RedExperimentaChubut\" target=\"_blank\" rel=\"noopener\">&quot;Kiko&#039;s rule and the hand&quot;<\/a><br \/><br \/><\/li><li style=\"font-weight: 400;\" aria-level=\"1\"><span style=\"color: #333333;\">Video: <a href=\"https:\/\/www.educacionpas.org\/Lobo\/Basico\/Prevencion-del-Abuso-Sexual-Infantil\/El-Semaforo-Corporal\" target=\"_blank\" rel=\"noopener\">&quot;body traffic light&quot;<\/a><\/span><\/li><\/ul>\t\t\t\t\t\t\t\t<\/div>\n\t\t\t\t<\/div>\n\t\t\t\t\t<\/div>\n\t\t<\/div>\n\t\t\t\t<div class=\"elementor-column elementor-col-50 elementor-top-column elementor-element elementor-element-3ba0096\" data-id=\"3ba0096\" data-element_type=\"column\" data-e-type=\"column\">\n\t\t\t<div class=\"elementor-widget-wrap elementor-element-populated\">\n\t\t\t\t\t\t<div class=\"elementor-element elementor-element-b5a1ade elementor-widget elementor-widget-image\" data-id=\"b5a1ade\" data-element_type=\"widget\" data-e-type=\"widget\" data-widget_type=\"image.default\">\n\t\t\t\t<div class=\"elementor-widget-container\">\n\t\t\t\t\t\t\t\t\t\t\t\t\t\t\t<img decoding=\"async\" width=\"1653\" height=\"3573\" src=\"https:\/\/imaginalco.org\/wp-content\/uploads\/2022\/11\/el-nino-e1668796730766.png\" class=\"attachment-full size-full wp-image-3462\" alt=\"\" srcset=\"https:\/\/imaginalco.org\/wp-content\/uploads\/2022\/11\/el-nino-e1668796730766.png 1653w, https:\/\/imaginalco.org\/wp-content\/uploads\/2022\/11\/el-nino-e1668796730766-139x300.png 139w, https:\/\/imaginalco.org\/wp-content\/uploads\/2022\/11\/el-nino-e1668796730766-474x1024.png 474w, https:\/\/imaginalco.org\/wp-content\/uploads\/2022\/11\/el-nino-e1668796730766-768x1660.png 768w, https:\/\/imaginalco.org\/wp-content\/uploads\/2022\/11\/el-nino-e1668796730766-711x1536.png 711w, https:\/\/imaginalco.org\/wp-content\/uploads\/2022\/11\/el-nino-e1668796730766-947x2048.png 947w, https:\/\/imaginalco.org\/wp-content\/uploads\/2022\/11\/el-nino-e1668796730766-6x12.png 6w\" sizes=\"(max-width: 1653px) 100vw, 1653px\" \/>\t\t\t\t\t\t\t\t\t\t\t\t\t\t\t<\/div>\n\t\t\t\t<\/div>\n\t\t\t\t\t<\/div>\n\t\t<\/div>\n\t\t\t\t\t<\/div>\n\t\t<\/section>\n\t\t\t\t<section data-particle_enable=\"false\" data-particle-mobile-disabled=\"false\" class=\"elementor-section elementor-top-section elementor-element elementor-element-5d85f5c elementor-section-boxed elementor-section-height-default elementor-section-height-default\" data-id=\"5d85f5c\" data-element_type=\"section\" data-e-type=\"section\">\n\t\t\t\t\t\t<div class=\"elementor-container elementor-column-gap-default\">\n\t\t\t\t\t<div class=\"elementor-column elementor-col-50 elementor-top-column elementor-element elementor-element-e69dbcc\" data-id=\"e69dbcc\" data-element_type=\"column\" data-e-type=\"column\">\n\t\t\t<div class=\"elementor-widget-wrap elementor-element-populated\">\n\t\t\t\t\t\t<div class=\"elementor-element elementor-element-939e003 elementor-widget elementor-widget-image\" data-id=\"939e003\" data-element_type=\"widget\" data-e-type=\"widget\" data-widget_type=\"image.default\">\n\t\t\t\t<div class=\"elementor-widget-container\">\n\t\t\t\t\t\t\t\t\t\t\t\t\t\t\t<img decoding=\"async\" width=\"2096\" height=\"3883\" src=\"https:\/\/imaginalco.org\/wp-content\/uploads\/2022\/11\/la-nina-5-e1668796442990.png\" class=\"attachment-full size-full wp-image-3930\" alt=\"\" srcset=\"https:\/\/imaginalco.org\/wp-content\/uploads\/2022\/11\/la-nina-5-e1668796442990.png 2096w, https:\/\/imaginalco.org\/wp-content\/uploads\/2022\/11\/la-nina-5-e1668796442990-162x300.png 162w, https:\/\/imaginalco.org\/wp-content\/uploads\/2022\/11\/la-nina-5-e1668796442990-553x1024.png 553w, https:\/\/imaginalco.org\/wp-content\/uploads\/2022\/11\/la-nina-5-e1668796442990-768x1423.png 768w, https:\/\/imaginalco.org\/wp-content\/uploads\/2022\/11\/la-nina-5-e1668796442990-829x1536.png 829w, https:\/\/imaginalco.org\/wp-content\/uploads\/2022\/11\/la-nina-5-e1668796442990-1105x2048.png 1105w, https:\/\/imaginalco.org\/wp-content\/uploads\/2022\/11\/la-nina-5-e1668796442990-6x12.png 6w\" sizes=\"(max-width: 2096px) 100vw, 2096px\" \/>\t\t\t\t\t\t\t\t\t\t\t\t\t\t\t<\/div>\n\t\t\t\t<\/div>\n\t\t\t\t\t<\/div>\n\t\t<\/div>\n\t\t\t\t<div class=\"elementor-column elementor-col-50 elementor-top-column elementor-element elementor-element-978580d\" data-id=\"978580d\" data-element_type=\"column\" data-e-type=\"column\">\n\t\t\t<div class=\"elementor-widget-wrap elementor-element-populated\">\n\t\t\t\t\t\t<div class=\"elementor-element elementor-element-e946524 elementor-widget elementor-widget-heading\" data-id=\"e946524\" data-element_type=\"widget\" data-e-type=\"widget\" data-widget_type=\"heading.default\">\n\t\t\t\t<div class=\"elementor-widget-container\">\n\t\t\t\t\t<h2 class=\"elementor-heading-title elementor-size-default\">Community Communication Resources<\/h2>\t\t\t\t<\/div>\n\t\t\t\t<\/div>\n\t\t\t\t<div class=\"elementor-element elementor-element-6d248e2 elementor-widget elementor-widget-text-editor\" data-id=\"6d248e2\" data-element_type=\"widget\" data-e-type=\"widget\" data-widget_type=\"text-editor.default\">\n\t\t\t\t<div class=\"elementor-widget-container\">\n\t\t\t\t\t\t\t\t\t<ul><li><span style=\"color: #333333;\">Guide: <a href=\"https:\/\/drive.google.com\/file\/d\/1XB3cBYlJqx5FoexXO54wKK9FtI3I1I5o\/view?usp=share_link\" target=\"_blank\" rel=\"noopener\">&quot;Comunication for the development. A practical guide\u201d<\/a><br \/><br \/><\/span><\/li><li><span style=\"color: #333333;\"><span style=\"color: #333333;\">\u00a0ASI Identity We do not play: <a href=\"https:\/\/drive.google.com\/file\/d\/1zsUFv0NirDNNii--p6wc86rX8WMcmpPM\/view?usp=sharing\" target=\"_blank\" rel=\"noopener\">&quot;Identity Manual: Campaign against child sexual abuse in Malinalco&quot;<\/a><br \/><br \/><\/span><\/span><\/li><li>Video: <a href=\"https:\/\/drive.google.com\/file\/d\/13wk9WPNKj9dyuy2YO0Dohosvwbty6YVi\/view?usp=sharing\" target=\"_blank\" rel=\"noopener\"><span style=\"color: #333333;\">\u201cCreation of the &#039;ASI no Jugamos&#039; community campaign\u201d<\/span><\/a><ul><li>If you are interested in making your own community communication campaign, contact us: <strong>informes@imaginalco.org<\/strong><\/li><\/ul><\/li><\/ul>\t\t\t\t\t\t\t\t<\/div>\n\t\t\t\t<\/div>\n\t\t\t\t\t<\/div>\n\t\t<\/div>\n\t\t\t\t\t<\/div>\n\t\t<\/section>\n\t\t\t\t<\/div>","protected":false},"excerpt":{"rendered":"<p>Recursos Encontrar\u00e1s art\u00edculos y videos para profundizar en temas relacionados al abuso sexual infantil. Recursos para figuras protectoras Art\u00edculo: &#8220;Gu\u00eda pr\u00e1ctica sobre sexualidad. \u00bfC\u00f3mo hablar de sexualidad con nuestras hijas e hijos?&#8221; PDF: &#8220;La educacci\u00f3n sexual de ni\u00f1as y ni\u00f1os de 6- 12 a\u00f1os&#8221; PDF: &#8220;Es parte de la vida, Material de apoyo sobre educaci\u00f3n [&hellip;]<\/p>\n","protected":false},"author":39,"featured_media":0,"parent":0,"menu_order":0,"comment_status":"closed","ping_status":"closed","template":"","meta":{"_eb_attr":"","footnotes":""},"class_list":["post-3480","page","type-page","status-publish","hentry"],"_links":{"self":[{"href":"https:\/\/imaginalco.org\/en\/wp-json\/wp\/v2\/pages\/3480","targetHints":{"allow":["GET"]}}],"collection":[{"href":"https:\/\/imaginalco.org\/en\/wp-json\/wp\/v2\/pages"}],"about":[{"href":"https:\/\/imaginalco.org\/en\/wp-json\/wp\/v2\/types\/page"}],"author":[{"embeddable":true,"href":"https:\/\/imaginalco.org\/en\/wp-json\/wp\/v2\/users\/39"}],"replies":[{"embeddable":true,"href":"https:\/\/imaginalco.org\/en\/wp-json\/wp\/v2\/comments?post=3480"}],"version-history":[{"count":2,"href":"https:\/\/imaginalco.org\/en\/wp-json\/wp\/v2\/pages\/3480\/revisions"}],"predecessor-version":[{"id":5941,"href":"https:\/\/imaginalco.org\/en\/wp-json\/wp\/v2\/pages\/3480\/revisions\/5941"}],"wp:attachment":[{"href":"https:\/\/imaginalco.org\/en\/wp-json\/wp\/v2\/media?parent=3480"}],"curies":[{"name":"wp","href":"https:\/\/api.w.org\/{rel}","templated":true}]}}