{"id":3481,"date":"2022-11-15T00:04:09","date_gmt":"2022-11-15T00:04:09","guid":{"rendered":"https:\/\/imaginalco.org\/?page_id=3481"},"modified":"2023-08-24T07:33:03","modified_gmt":"2023-08-24T07:33:03","slug":"alianzas","status":"publish","type":"page","link":"https:\/\/imaginalco.org\/en\/alianzas\/","title":{"rendered":"Alliances built"},"content":{"rendered":"<div data-elementor-type=\"wp-page\" data-elementor-id=\"3481\" class=\"elementor elementor-3481\" data-elementor-post-type=\"page\">\n\t\t\t\t\t\t<section data-particle_enable=\"false\" data-particle-mobile-disabled=\"false\" class=\"elementor-section elementor-top-section elementor-element elementor-element-05d1a73 elementor-section-content-middle elementor-section-boxed elementor-section-height-default elementor-section-height-default\" data-id=\"05d1a73\" data-element_type=\"section\" data-e-type=\"section\">\n\t\t\t\t\t\t\t<div class=\"elementor-background-overlay\"><\/div>\n\t\t\t\t\t\t\t<div class=\"elementor-container elementor-column-gap-no\">\n\t\t\t\t\t<div class=\"elementor-column elementor-col-100 elementor-top-column elementor-element elementor-element-33aca2b\" data-id=\"33aca2b\" data-element_type=\"column\" data-e-type=\"column\">\n\t\t\t<div class=\"elementor-widget-wrap elementor-element-populated\">\n\t\t\t\t\t\t<div class=\"elementor-element elementor-element-8f786b7 elementor-widget elementor-widget-heading\" data-id=\"8f786b7\" data-element_type=\"widget\" data-e-type=\"widget\" data-widget_type=\"heading.default\">\n\t\t\t\t<div class=\"elementor-widget-container\">\n\t\t\t\t\t<h1 class=\"elementor-heading-title elementor-size-default\">Our alliances<\/h1>\t\t\t\t<\/div>\n\t\t\t\t<\/div>\n\t\t\t\t<div class=\"elementor-element elementor-element-20a6b53 elementor-widget elementor-widget-text-editor\" data-id=\"20a6b53\" data-element_type=\"widget\" data-e-type=\"widget\" data-widget_type=\"text-editor.default\">\n\t\t\t\t<div class=\"elementor-widget-container\">\n\t\t\t\t\t\t\t\t\t<p><span style=\"color: #2d2d2d;\">Child sexual abuse (ASI) is a complex problem to solve because there are multidisciplinary factors in its perpetuation and maintenance: power relations, gender inequalities, heteropatriarchal system, complex family dynamics, various types of violence, lack of access to justice, untrained justice systems, revictimization, lack of access to comprehensive sexual education, lack of information, among many others. For this reason, although there are more and more efforts and information to combat this problem, it is necessary to add capacities, experiences and possibilities from different places. We invite you to join the effort to offer tools to children and adolescents as well as protective figures to prevent ASI, break the dynamics of silence around the issue and above all, in cases of ASI, know how, to whom and where go for help.\u00a0<\/span><\/p>\t\t\t\t\t\t\t\t<\/div>\n\t\t\t\t<\/div>\n\t\t\t\t\t<\/div>\n\t\t<\/div>\n\t\t\t\t\t<\/div>\n\t\t<\/section>\n\t\t\t\t<section data-particle_enable=\"false\" data-particle-mobile-disabled=\"false\" class=\"elementor-section elementor-top-section elementor-element elementor-element-b0cd34b elementor-section-boxed elementor-section-height-default elementor-section-height-default\" data-id=\"b0cd34b\" data-element_type=\"section\" data-e-type=\"section\">\n\t\t\t\t\t\t<div class=\"elementor-container elementor-column-gap-default\">\n\t\t\t\t\t<div class=\"elementor-column elementor-col-100 elementor-top-column elementor-element elementor-element-868af6c\" data-id=\"868af6c\" data-element_type=\"column\" data-e-type=\"column\">\n\t\t\t<div class=\"elementor-widget-wrap elementor-element-populated\">\n\t\t\t\t\t\t<div class=\"elementor-element elementor-element-57f8f90 elementor-widget elementor-widget-heading\" data-id=\"57f8f90\" data-element_type=\"widget\" data-e-type=\"widget\" data-widget_type=\"heading.default\">\n\t\t\t\t<div class=\"elementor-widget-container\">\n\t\t\t\t\t<h6 class=\"elementor-heading-title elementor-size-default\">How to join?<\/h6>\t\t\t\t<\/div>\n\t\t\t\t<\/div>\n\t\t\t\t\t<\/div>\n\t\t<\/div>\n\t\t\t\t\t<\/div>\n\t\t<\/section>\n\t\t\t\t<section data-particle_enable=\"false\" data-particle-mobile-disabled=\"false\" class=\"elementor-section elementor-top-section elementor-element elementor-element-008992d elementor-section-boxed elementor-section-height-default elementor-section-height-default\" data-id=\"008992d\" data-element_type=\"section\" data-e-type=\"section\">\n\t\t\t\t\t\t<div class=\"elementor-container elementor-column-gap-default\">\n\t\t\t\t\t<div class=\"elementor-column elementor-col-100 elementor-top-column elementor-element elementor-element-8513dfa\" data-id=\"8513dfa\" data-element_type=\"column\" data-e-type=\"column\">\n\t\t\t<div class=\"elementor-widget-wrap elementor-element-populated\">\n\t\t\t\t\t\t<div class=\"elementor-element elementor-element-f7bba09 elementor-widget elementor-widget-image\" data-id=\"f7bba09\" data-element_type=\"widget\" data-e-type=\"widget\" data-widget_type=\"image.default\">\n\t\t\t\t<div class=\"elementor-widget-container\">\n\t\t\t\t\t\t\t\t\t\t\t\t\t\t\t<img fetchpriority=\"high\" decoding=\"async\" width=\"1920\" height=\"1080\" src=\"https:\/\/imaginalco.org\/wp-content\/uploads\/2022\/11\/De-todos-los-ninosas-que-han-sufrido-abusos-sexuales-5.png\" class=\"attachment-full size-full wp-image-4092\" alt=\"\" srcset=\"https:\/\/imaginalco.org\/wp-content\/uploads\/2022\/11\/De-todos-los-ninosas-que-han-sufrido-abusos-sexuales-5.png 1920w, https:\/\/imaginalco.org\/wp-content\/uploads\/2022\/11\/De-todos-los-ninosas-que-han-sufrido-abusos-sexuales-5-300x169.png 300w, https:\/\/imaginalco.org\/wp-content\/uploads\/2022\/11\/De-todos-los-ninosas-que-han-sufrido-abusos-sexuales-5-1024x576.png 1024w, https:\/\/imaginalco.org\/wp-content\/uploads\/2022\/11\/De-todos-los-ninosas-que-han-sufrido-abusos-sexuales-5-768x432.png 768w, https:\/\/imaginalco.org\/wp-content\/uploads\/2022\/11\/De-todos-los-ninosas-que-han-sufrido-abusos-sexuales-5-1536x864.png 1536w, https:\/\/imaginalco.org\/wp-content\/uploads\/2022\/11\/De-todos-los-ninosas-que-han-sufrido-abusos-sexuales-5-18x10.png 18w\" sizes=\"(max-width: 1920px) 100vw, 1920px\" \/>\t\t\t\t\t\t\t\t\t\t\t\t\t\t\t<\/div>\n\t\t\t\t<\/div>\n\t\t\t\t\t<\/div>\n\t\t<\/div>\n\t\t\t\t\t<\/div>\n\t\t<\/section>\n\t\t\t\t<section data-particle_enable=\"false\" data-particle-mobile-disabled=\"false\" class=\"elementor-section elementor-top-section elementor-element elementor-element-427879e elementor-section-boxed elementor-section-height-default elementor-section-height-default\" data-id=\"427879e\" data-element_type=\"section\" data-e-type=\"section\">\n\t\t\t\t\t\t<div class=\"elementor-container elementor-column-gap-default\">\n\t\t\t\t\t<div class=\"elementor-column elementor-col-100 elementor-top-column elementor-element elementor-element-6484002\" data-id=\"6484002\" data-element_type=\"column\" data-e-type=\"column\">\n\t\t\t<div class=\"elementor-widget-wrap elementor-element-populated\">\n\t\t\t\t\t\t<section data-particle_enable=\"false\" data-particle-mobile-disabled=\"false\" class=\"elementor-section elementor-inner-section elementor-element elementor-element-b3dee5f elementor-section-boxed elementor-section-height-default elementor-section-height-default\" data-id=\"b3dee5f\" data-element_type=\"section\" data-e-type=\"section\">\n\t\t\t\t\t\t<div class=\"elementor-container elementor-column-gap-default\">\n\t\t\t\t\t<div class=\"elementor-column elementor-col-50 elementor-inner-column elementor-element elementor-element-4ee8efa\" data-id=\"4ee8efa\" data-element_type=\"column\" data-e-type=\"column\">\n\t\t\t<div class=\"elementor-widget-wrap elementor-element-populated\">\n\t\t\t\t\t\t<div class=\"elementor-element elementor-element-2d1fc64 elementor-widget elementor-widget-heading\" data-id=\"2d1fc64\" data-element_type=\"widget\" data-e-type=\"widget\" data-widget_type=\"heading.default\">\n\t\t\t\t<div class=\"elementor-widget-container\">\n\t\t\t\t\t<h3 class=\"elementor-heading-title elementor-size-default\"><b>make a donation<\/b><\/h3>\t\t\t\t<\/div>\n\t\t\t\t<\/div>\n\t\t\t\t<div class=\"elementor-element elementor-element-adeaa79 elementor-widget elementor-widget-text-editor\" data-id=\"adeaa79\" data-element_type=\"widget\" data-e-type=\"widget\" data-widget_type=\"text-editor.default\">\n\t\t\t\t<div class=\"elementor-widget-container\">\n\t\t\t\t\t\t\t\t\t<ul><li style=\"text-align: left;\"><span style=\"background-color: transparent; color: var( --e-global-color-text );\">Support us with material or in-kind donations for the creation of more murals and dissemination material in the community.\u00a0<\/span><\/li><\/ul>\t\t\t\t\t\t\t\t<\/div>\n\t\t\t\t<\/div>\n\t\t\t\t<div class=\"elementor-element elementor-element-4d66a5f elementor-align-center elementor-widget elementor-widget-button\" data-id=\"4d66a5f\" data-element_type=\"widget\" data-e-type=\"widget\" data-widget_type=\"button.default\">\n\t\t\t\t<div class=\"elementor-widget-container\">\n\t\t\t\t\t\t\t\t\t<div class=\"elementor-button-wrapper\">\n\t\t\t\t\t<a class=\"elementor-button elementor-button-link elementor-size-sm\" href=\"https:\/\/www.paypal.com\/donate\/?hosted_button_id=3W9HZDP5S34RN\">\n\t\t\t\t\t\t<span class=\"elementor-button-content-wrapper\">\n\t\t\t\t\t\t\t\t\t<span class=\"elementor-button-text\">I want to donate!<\/span>\n\t\t\t\t\t<\/span>\n\t\t\t\t\t<\/a>\n\t\t\t\t<\/div>\n\t\t\t\t\t\t\t\t<\/div>\n\t\t\t\t<\/div>\n\t\t\t\t\t<\/div>\n\t\t<\/div>\n\t\t\t\t<div class=\"elementor-column elementor-col-50 elementor-inner-column elementor-element elementor-element-f39c642\" data-id=\"f39c642\" data-element_type=\"column\" data-e-type=\"column\">\n\t\t\t<div class=\"elementor-widget-wrap elementor-element-populated\">\n\t\t\t\t\t\t<div class=\"elementor-element elementor-element-92f8089 elementor-widget elementor-widget-heading\" data-id=\"92f8089\" data-element_type=\"widget\" data-e-type=\"widget\" data-widget_type=\"heading.default\">\n\t\t\t\t<div class=\"elementor-widget-container\">\n\t\t\t\t\t<h3 class=\"elementor-heading-title elementor-size-default\"><b>train yourself<\/b><\/h3>\t\t\t\t<\/div>\n\t\t\t\t<\/div>\n\t\t\t\t<div class=\"elementor-element elementor-element-8dd30bd elementor-widget elementor-widget-text-editor\" data-id=\"8dd30bd\" data-element_type=\"widget\" data-e-type=\"widget\" data-widget_type=\"text-editor.default\">\n\t\t\t\t<div class=\"elementor-widget-container\">\n\t\t\t\t\t\t\t\t\t<ul><li>Participate in one of our workshops, or share information about our training possibilities with schools or organizations.<\/li><\/ul>\t\t\t\t\t\t\t\t<\/div>\n\t\t\t\t<\/div>\n\t\t\t\t<div class=\"elementor-element elementor-element-e52d759 elementor-align-center elementor-widget elementor-widget-button\" data-id=\"e52d759\" data-element_type=\"widget\" data-e-type=\"widget\" data-widget_type=\"button.default\">\n\t\t\t\t<div class=\"elementor-widget-container\">\n\t\t\t\t\t\t\t\t\t<div class=\"elementor-button-wrapper\">\n\t\t\t\t\t<a class=\"elementor-button elementor-button-link elementor-size-sm\" href=\"mailto:informes@imaginalo.org?subject=\u00a1Me%20interesa%20capacitarme%20en%20ASI!\">\n\t\t\t\t\t\t<span class=\"elementor-button-content-wrapper\">\n\t\t\t\t\t\t\t\t\t<span class=\"elementor-button-text\">Write us!<\/span>\n\t\t\t\t\t<\/span>\n\t\t\t\t\t<\/a>\n\t\t\t\t<\/div>\n\t\t\t\t\t\t\t\t<\/div>\n\t\t\t\t<\/div>\n\t\t\t\t\t<\/div>\n\t\t<\/div>\n\t\t\t\t\t<\/div>\n\t\t<\/section>\n\t\t\t\t\t<\/div>\n\t\t<\/div>\n\t\t\t\t\t<\/div>\n\t\t<\/section>\n\t\t\t\t<section data-particle_enable=\"false\" data-particle-mobile-disabled=\"false\" class=\"elementor-section elementor-top-section elementor-element elementor-element-1813892 elementor-section-boxed elementor-section-height-default elementor-section-height-default\" data-id=\"1813892\" data-element_type=\"section\" data-e-type=\"section\">\n\t\t\t\t\t\t<div class=\"elementor-container elementor-column-gap-default\">\n\t\t\t\t\t<div class=\"elementor-column elementor-col-100 elementor-top-column elementor-element elementor-element-12a05f8\" data-id=\"12a05f8\" data-element_type=\"column\" data-e-type=\"column\">\n\t\t\t<div class=\"elementor-widget-wrap elementor-element-populated\">\n\t\t\t\t\t\t<section data-particle_enable=\"false\" data-particle-mobile-disabled=\"false\" class=\"elementor-section elementor-inner-section elementor-element elementor-element-0d978a0 elementor-section-boxed elementor-section-height-default elementor-section-height-default\" data-id=\"0d978a0\" data-element_type=\"section\" data-e-type=\"section\">\n\t\t\t\t\t\t<div class=\"elementor-container elementor-column-gap-default\">\n\t\t\t\t\t<div class=\"elementor-column elementor-col-50 elementor-inner-column elementor-element elementor-element-771fe8d\" data-id=\"771fe8d\" data-element_type=\"column\" data-e-type=\"column\">\n\t\t\t<div class=\"elementor-widget-wrap elementor-element-populated\">\n\t\t\t\t\t\t<div class=\"elementor-element elementor-element-5343685 elementor-widget elementor-widget-heading\" data-id=\"5343685\" data-element_type=\"widget\" data-e-type=\"widget\" data-widget_type=\"heading.default\">\n\t\t\t\t<div class=\"elementor-widget-container\">\n\t\t\t\t\t<h3 class=\"elementor-heading-title elementor-size-default\"><b>sponsor a project<\/b><\/h3>\t\t\t\t<\/div>\n\t\t\t\t<\/div>\n\t\t\t\t<div class=\"elementor-element elementor-element-5be854f elementor-widget elementor-widget-text-editor\" data-id=\"5be854f\" data-element_type=\"widget\" data-e-type=\"widget\" data-widget_type=\"text-editor.default\">\n\t\t\t\t<div class=\"elementor-widget-container\">\n\t\t\t\t\t\t\t\t\t<ul><li>Install a Mural<\/li><li>Sponsors the systematization of the Network of Voceras<\/li><li>Sponsors the investigation of egocentric networks<\/li><\/ul>\t\t\t\t\t\t\t\t<\/div>\n\t\t\t\t<\/div>\n\t\t\t\t\t<\/div>\n\t\t<\/div>\n\t\t\t\t<div class=\"elementor-column elementor-col-50 elementor-inner-column elementor-element elementor-element-5e3ef0c\" data-id=\"5e3ef0c\" data-element_type=\"column\" data-e-type=\"column\">\n\t\t\t<div class=\"elementor-widget-wrap elementor-element-populated\">\n\t\t\t\t\t\t<div class=\"elementor-element elementor-element-adbc060 elementor-widget elementor-widget-heading\" data-id=\"adbc060\" data-element_type=\"widget\" data-e-type=\"widget\" data-widget_type=\"heading.default\">\n\t\t\t\t<div class=\"elementor-widget-container\">\n\t\t\t\t\t<h3 class=\"elementor-heading-title elementor-size-default\"><b>If you live in Malinalco<\/b><\/h3>\t\t\t\t<\/div>\n\t\t\t\t<\/div>\n\t\t\t\t<div class=\"elementor-element elementor-element-f164820 elementor-widget elementor-widget-text-editor\" data-id=\"f164820\" data-element_type=\"widget\" data-e-type=\"widget\" data-widget_type=\"text-editor.default\">\n\t\t\t\t<div class=\"elementor-widget-container\">\n\t\t\t\t\t\t\t\t\t<ul><li>Disseminate posters and digital materials of the campaign in their spaces and social networks<\/li><li>Lend us one of your fences to create a mural<\/li><li>Get in touch with us to see how we join forces<\/li><li>Channel possible cases to Imaginalco and help us spread the attention area<\/li><li>Get trained in one of our workshops<\/li><li>Join the Voceras Network<\/li><\/ul>\t\t\t\t\t\t\t\t<\/div>\n\t\t\t\t<\/div>\n\t\t\t\t\t<\/div>\n\t\t<\/div>\n\t\t\t\t\t<\/div>\n\t\t<\/section>\n\t\t\t\t\t<\/div>\n\t\t<\/div>\n\t\t\t\t\t<\/div>\n\t\t<\/section>\n\t\t\t\t<section data-particle_enable=\"false\" data-particle-mobile-disabled=\"false\" class=\"elementor-section elementor-top-section elementor-element elementor-element-93135f0 elementor-section-content-middle elementor-section-boxed elementor-section-height-default elementor-section-height-default\" data-id=\"93135f0\" data-element_type=\"section\" data-e-type=\"section\">\n\t\t\t\t\t\t\t<div class=\"elementor-background-overlay\"><\/div>\n\t\t\t\t\t\t\t<div class=\"elementor-container elementor-column-gap-no\">\n\t\t\t\t\t<div class=\"elementor-column elementor-col-100 elementor-top-column elementor-element elementor-element-85e1015\" data-id=\"85e1015\" data-element_type=\"column\" data-e-type=\"column\">\n\t\t\t<div class=\"elementor-widget-wrap elementor-element-populated\">\n\t\t\t\t\t\t<div class=\"elementor-element elementor-element-d0273d8 elementor-widget elementor-widget-heading\" data-id=\"d0273d8\" data-element_type=\"widget\" data-e-type=\"widget\" data-widget_type=\"heading.default\">\n\t\t\t\t<div class=\"elementor-widget-container\">\n\t\t\t\t\t<h6 class=\"elementor-heading-title elementor-size-default\">Thank you for making this program possible!<\/h6>\t\t\t\t<\/div>\n\t\t\t\t<\/div>\n\t\t\t\t<section data-particle_enable=\"false\" data-particle-mobile-disabled=\"false\" class=\"elementor-section elementor-inner-section elementor-element elementor-element-87a2e49 elementor-section-boxed elementor-section-height-default elementor-section-height-default\" data-id=\"87a2e49\" data-element_type=\"section\" data-e-type=\"section\">\n\t\t\t\t\t\t<div class=\"elementor-container elementor-column-gap-default\">\n\t\t\t\t\t<div class=\"elementor-column elementor-col-100 elementor-inner-column elementor-element elementor-element-78e768c\" data-id=\"78e768c\" data-element_type=\"column\" data-e-type=\"column\">\n\t\t\t<div class=\"elementor-widget-wrap elementor-element-populated\">\n\t\t\t\t\t\t<div class=\"elementor-element elementor-element-fe2eb93 elementor-widget elementor-widget-image\" data-id=\"fe2eb93\" data-element_type=\"widget\" data-e-type=\"widget\" data-widget_type=\"image.default\">\n\t\t\t\t<div class=\"elementor-widget-container\">\n\t\t\t\t\t\t\t\t\t\t\t\t\t\t\t<img decoding=\"async\" width=\"500\" height=\"158\" src=\"https:\/\/imaginalco.org\/wp-content\/uploads\/2022\/11\/logoviolencia_avon-removebg-preview-e1669150797209.png\" class=\"attachment-full size-full wp-image-3936\" alt=\"\" srcset=\"https:\/\/imaginalco.org\/wp-content\/uploads\/2022\/11\/logoviolencia_avon-removebg-preview-e1669150797209.png 500w, https:\/\/imaginalco.org\/wp-content\/uploads\/2022\/11\/logoviolencia_avon-removebg-preview-e1669150797209-300x95.png 300w, https:\/\/imaginalco.org\/wp-content\/uploads\/2022\/11\/logoviolencia_avon-removebg-preview-e1669150797209-18x6.png 18w\" sizes=\"(max-width: 500px) 100vw, 500px\" \/>\t\t\t\t\t\t\t\t\t\t\t\t\t\t\t<\/div>\n\t\t\t\t<\/div>\n\t\t\t\t\t<\/div>\n\t\t<\/div>\n\t\t\t\t\t<\/div>\n\t\t<\/section>\n\t\t\t\t<section data-particle_enable=\"false\" data-particle-mobile-disabled=\"false\" class=\"elementor-section elementor-inner-section elementor-element elementor-element-b0d5fab elementor-section-boxed elementor-section-height-default elementor-section-height-default\" data-id=\"b0d5fab\" data-element_type=\"section\" data-e-type=\"section\">\n\t\t\t\t\t\t<div class=\"elementor-container elementor-column-gap-default\">\n\t\t\t\t\t<div class=\"elementor-column elementor-col-25 elementor-inner-column elementor-element elementor-element-60bdb69\" data-id=\"60bdb69\" data-element_type=\"column\" data-e-type=\"column\">\n\t\t\t<div class=\"elementor-widget-wrap elementor-element-populated\">\n\t\t\t\t\t\t<div class=\"elementor-element elementor-element-f194e57 elementor-widget elementor-widget-image\" data-id=\"f194e57\" data-element_type=\"widget\" data-e-type=\"widget\" data-widget_type=\"image.default\">\n\t\t\t\t<div class=\"elementor-widget-container\">\n\t\t\t\t\t\t\t\t\t\t\t\t\t\t\t<img decoding=\"async\" width=\"280\" height=\"114\" src=\"https:\/\/imaginalco.org\/wp-content\/uploads\/2022\/05\/FundacionMerced-removebg-_19_11zon.png\" class=\"attachment-large size-large wp-image-561\" alt=\"\" \/>\t\t\t\t\t\t\t\t\t\t\t\t\t\t\t<\/div>\n\t\t\t\t<\/div>\n\t\t\t\t\t<\/div>\n\t\t<\/div>\n\t\t\t\t<div class=\"elementor-column elementor-col-25 elementor-inner-column elementor-element elementor-element-abb84e4\" data-id=\"abb84e4\" data-element_type=\"column\" data-e-type=\"column\">\n\t\t\t<div class=\"elementor-widget-wrap elementor-element-populated\">\n\t\t\t\t\t\t<div class=\"elementor-element elementor-element-cddd0b2 elementor-widget elementor-widget-image\" data-id=\"cddd0b2\" data-element_type=\"widget\" data-e-type=\"widget\" data-widget_type=\"image.default\">\n\t\t\t\t<div class=\"elementor-widget-container\">\n\t\t\t\t\t\t\t\t\t\t\t\t\t\t\t<img loading=\"lazy\" decoding=\"async\" width=\"273\" height=\"182\" src=\"https:\/\/imaginalco.org\/wp-content\/uploads\/2022\/09\/Logos-pagina-mismo-tamano_Mesa-de-trabajo-1-copia-12-e1669131840507.png\" class=\"attachment-full size-full wp-image-2104\" alt=\"\" srcset=\"https:\/\/imaginalco.org\/wp-content\/uploads\/2022\/09\/Logos-pagina-mismo-tamano_Mesa-de-trabajo-1-copia-12-e1669131840507.png 273w, https:\/\/imaginalco.org\/wp-content\/uploads\/2022\/09\/Logos-pagina-mismo-tamano_Mesa-de-trabajo-1-copia-12-e1669131840507-18x12.png 18w\" sizes=\"(max-width: 273px) 100vw, 273px\" \/>\t\t\t\t\t\t\t\t\t\t\t\t\t\t\t<\/div>\n\t\t\t\t<\/div>\n\t\t\t\t\t<\/div>\n\t\t<\/div>\n\t\t\t\t<div class=\"elementor-column elementor-col-25 elementor-inner-column elementor-element elementor-element-23233c8\" data-id=\"23233c8\" data-element_type=\"column\" data-e-type=\"column\">\n\t\t\t<div class=\"elementor-widget-wrap elementor-element-populated\">\n\t\t\t\t\t\t<div class=\"elementor-element elementor-element-7614b42 elementor-widget elementor-widget-image\" data-id=\"7614b42\" data-element_type=\"widget\" data-e-type=\"widget\" data-widget_type=\"image.default\">\n\t\t\t\t<div class=\"elementor-widget-container\">\n\t\t\t\t\t\t\t\t\t\t\t\t\t\t\t<img loading=\"lazy\" decoding=\"async\" width=\"834\" height=\"248\" src=\"https:\/\/imaginalco.org\/wp-content\/uploads\/2022\/10\/Logos_Mesa-de-trabajo-1-e1669132664416.png\" class=\"attachment-full size-full wp-image-2861\" alt=\"\" srcset=\"https:\/\/imaginalco.org\/wp-content\/uploads\/2022\/10\/Logos_Mesa-de-trabajo-1-e1669132664416.png 834w, https:\/\/imaginalco.org\/wp-content\/uploads\/2022\/10\/Logos_Mesa-de-trabajo-1-e1669132664416-300x89.png 300w, https:\/\/imaginalco.org\/wp-content\/uploads\/2022\/10\/Logos_Mesa-de-trabajo-1-e1669132664416-768x228.png 768w, https:\/\/imaginalco.org\/wp-content\/uploads\/2022\/10\/Logos_Mesa-de-trabajo-1-e1669132664416-18x5.png 18w\" sizes=\"(max-width: 834px) 100vw, 834px\" \/>\t\t\t\t\t\t\t\t\t\t\t\t\t\t\t<\/div>\n\t\t\t\t<\/div>\n\t\t\t\t\t<\/div>\n\t\t<\/div>\n\t\t\t\t<div class=\"elementor-column elementor-col-25 elementor-inner-column elementor-element elementor-element-f72162f\" data-id=\"f72162f\" data-element_type=\"column\" data-e-type=\"column\">\n\t\t\t<div class=\"elementor-widget-wrap elementor-element-populated\">\n\t\t\t\t\t\t<div class=\"elementor-element elementor-element-1238f1a elementor-widget elementor-widget-image\" data-id=\"1238f1a\" data-element_type=\"widget\" data-e-type=\"widget\" data-widget_type=\"image.default\">\n\t\t\t\t<div class=\"elementor-widget-container\">\n\t\t\t\t\t\t\t\t\t\t\t\t\t\t\t<img loading=\"lazy\" decoding=\"async\" width=\"834\" height=\"834\" src=\"https:\/\/imaginalco.org\/wp-content\/uploads\/2022\/10\/Logos-02.png\" class=\"attachment-full size-full wp-image-2862\" alt=\"\" srcset=\"https:\/\/imaginalco.org\/wp-content\/uploads\/2022\/10\/Logos-02.png 834w, https:\/\/imaginalco.org\/wp-content\/uploads\/2022\/10\/Logos-02-300x300.png 300w, https:\/\/imaginalco.org\/wp-content\/uploads\/2022\/10\/Logos-02-150x150.png 150w, https:\/\/imaginalco.org\/wp-content\/uploads\/2022\/10\/Logos-02-768x768.png 768w, https:\/\/imaginalco.org\/wp-content\/uploads\/2022\/10\/Logos-02-12x12.png 12w\" sizes=\"(max-width: 834px) 100vw, 834px\" \/>\t\t\t\t\t\t\t\t\t\t\t\t\t\t\t<\/div>\n\t\t\t\t<\/div>\n\t\t\t\t\t<\/div>\n\t\t<\/div>\n\t\t\t\t\t<\/div>\n\t\t<\/section>\n\t\t\t\t\t<\/div>\n\t\t<\/div>\n\t\t\t\t\t<\/div>\n\t\t<\/section>\n\t\t\t\t<\/div>","protected":false},"excerpt":{"rendered":"<p>Nuestras alianzas El abuso sexual infantil (ASI) es un problema complejo de resolver porque hay factores multidisciplinarios en su perpetuaci\u00f3n y mantenimiento: relaciones de poder, desigualdades de g\u00e9nero, sistema heteropatriarcal, din\u00e1micas familiares complejas, diversos tipos de violencia, falta de acceso a la justicia, sistemas de justicia no capacitados, revictimizaci\u00f3n, falta de acceso a educaci\u00f3n sexual [&hellip;]<\/p>\n","protected":false},"author":39,"featured_media":0,"parent":0,"menu_order":0,"comment_status":"closed","ping_status":"closed","template":"","meta":{"_eb_attr":"","footnotes":""},"class_list":["post-3481","page","type-page","status-publish","hentry"],"_links":{"self":[{"href":"https:\/\/imaginalco.org\/en\/wp-json\/wp\/v2\/pages\/3481","targetHints":{"allow":["GET"]}}],"collection":[{"href":"https:\/\/imaginalco.org\/en\/wp-json\/wp\/v2\/pages"}],"about":[{"href":"https:\/\/imaginalco.org\/en\/wp-json\/wp\/v2\/types\/page"}],"author":[{"embeddable":true,"href":"https:\/\/imaginalco.org\/en\/wp-json\/wp\/v2\/users\/39"}],"replies":[{"embeddable":true,"href":"https:\/\/imaginalco.org\/en\/wp-json\/wp\/v2\/comments?post=3481"}],"version-history":[{"count":1,"href":"https:\/\/imaginalco.org\/en\/wp-json\/wp\/v2\/pages\/3481\/revisions"}],"predecessor-version":[{"id":5832,"href":"https:\/\/imaginalco.org\/en\/wp-json\/wp\/v2\/pages\/3481\/revisions\/5832"}],"wp:attachment":[{"href":"https:\/\/imaginalco.org\/en\/wp-json\/wp\/v2\/media?parent=3481"}],"curies":[{"name":"wp","href":"https:\/\/api.w.org\/{rel}","templated":true}]}}