{"id":3514,"date":"2022-11-15T00:33:28","date_gmt":"2022-11-15T00:33:28","guid":{"rendered":"https:\/\/imaginalco.org\/?page_id=3514"},"modified":"2023-08-24T07:34:03","modified_gmt":"2023-08-24T07:34:03","slug":"educacion","status":"publish","type":"page","link":"https:\/\/imaginalco.org\/en\/educacion\/","title":{"rendered":"Education"},"content":{"rendered":"<div data-elementor-type=\"wp-page\" data-elementor-id=\"3514\" class=\"elementor elementor-3514\" data-elementor-post-type=\"page\">\n\t\t\t\t\t\t<section data-particle_enable=\"false\" data-particle-mobile-disabled=\"false\" class=\"elementor-section elementor-top-section elementor-element elementor-element-7daec48 elementor-section-content-middle elementor-section-boxed elementor-section-height-default elementor-section-height-default\" data-id=\"7daec48\" data-element_type=\"section\" data-e-type=\"section\">\n\t\t\t\t\t\t\t<div class=\"elementor-background-overlay\"><\/div>\n\t\t\t\t\t\t\t<div class=\"elementor-container elementor-column-gap-no\">\n\t\t\t\t\t<div class=\"elementor-column elementor-col-100 elementor-top-column elementor-element elementor-element-3d6ca7c\" data-id=\"3d6ca7c\" data-element_type=\"column\" data-e-type=\"column\">\n\t\t\t<div class=\"elementor-widget-wrap elementor-element-populated\">\n\t\t\t\t\t\t<div class=\"elementor-element elementor-element-3bc324f elementor-widget elementor-widget-heading\" data-id=\"3bc324f\" data-element_type=\"widget\" data-e-type=\"widget\" data-widget_type=\"heading.default\">\n\t\t\t\t<div class=\"elementor-widget-container\">\n\t\t\t\t\t<h1 class=\"elementor-heading-title elementor-size-default\">Education<\/h1>\t\t\t\t<\/div>\n\t\t\t\t<\/div>\n\t\t\t\t<div class=\"elementor-element elementor-element-d94809b elementor-widget elementor-widget-text-editor\" data-id=\"d94809b\" data-element_type=\"widget\" data-e-type=\"widget\" data-widget_type=\"text-editor.default\">\n\t\t\t\t<div class=\"elementor-widget-container\">\n\t\t\t\t\t\t\t\t\t<p><span style=\"color: #2d2d2d;\">In this component we seek, through workshops and training, to increase knowledge, skills and abilities in girls, boys and adolescents (NNA) as well as in protective figures to prevent risks of child sexual abuse (ASI) and that in a situation of ASI, They can discuss it with a protective figure, and in turn, the protective figures can act in a timely manner.\u00a0<\/span><\/p>\t\t\t\t\t\t\t\t<\/div>\n\t\t\t\t<\/div>\n\t\t\t\t\t<\/div>\n\t\t<\/div>\n\t\t\t\t\t<\/div>\n\t\t<\/section>\n\t\t\t\t<section data-particle_enable=\"false\" data-particle-mobile-disabled=\"false\" class=\"elementor-section elementor-top-section elementor-element elementor-element-dc22967 elementor-section-content-middle elementor-reverse-mobile elementor-section-boxed elementor-section-height-default elementor-section-height-default\" data-id=\"dc22967\" data-element_type=\"section\" data-e-type=\"section\">\n\t\t\t\t\t\t<div class=\"elementor-container elementor-column-gap-no\">\n\t\t\t\t\t<div class=\"elementor-column elementor-col-100 elementor-top-column elementor-element elementor-element-d026e99\" data-id=\"d026e99\" data-element_type=\"column\" data-e-type=\"column\">\n\t\t\t<div class=\"elementor-widget-wrap elementor-element-populated\">\n\t\t\t\t\t\t<div class=\"elementor-element elementor-element-b36e3b7 elementor-widget elementor-widget-heading\" data-id=\"b36e3b7\" data-element_type=\"widget\" data-e-type=\"widget\" data-widget_type=\"heading.default\">\n\t\t\t\t<div class=\"elementor-widget-container\">\n\t\t\t\t\t<h6 class=\"elementor-heading-title elementor-size-default\">team training<\/h6>\t\t\t\t<\/div>\n\t\t\t\t<\/div>\n\t\t\t\t<div class=\"elementor-element elementor-element-202a9a8 elementor-widget elementor-widget-text-editor\" data-id=\"202a9a8\" data-element_type=\"widget\" data-e-type=\"widget\" data-widget_type=\"text-editor.default\">\n\t\t\t\t<div class=\"elementor-widget-container\">\n\t\t\t\t\t\t\t\t\t<p style=\"text-align: left;\">Thanks to the support of our allies, it was possible for Fundaci\u00f3n PAS to help us train our work team to be able to:\u00a0<\/p><ul><li style=\"text-align: left;\">Understand the general panorama of ASI in Mexico.<\/li><li style=\"text-align: left;\">Acquire tools for the prevention of ASI.<\/li><li style=\"text-align: left;\">Acquire tools for the detection of ASI.<\/li><li style=\"text-align: left;\">Acquire tools for ASI evaluation.<\/li><li style=\"text-align: left;\">ASI multidisciplinary care.<\/li><li style=\"text-align: left;\">Legal mechanisms to protect victims.<\/li><li style=\"text-align: left;\">Crisis care.<\/li><li style=\"text-align: left;\">Advice on the creation and development of ASI prevention workshops aimed at different populations.<\/li><li style=\"text-align: left;\">Creation of institutional care protocols.<\/li><li style=\"text-align: left;\">We participated in the ILEF &quot;Prevention and Care of Family Violence&quot; Diploma, which provided us with theoretical-clinical tools for the detection, channeling and\/or therapeutic treatment of people in situations of ASI, from a systemic, gender, human rights and diversity.<\/li><\/ul>\t\t\t\t\t\t\t\t<\/div>\n\t\t\t\t<\/div>\n\t\t\t\t\t<\/div>\n\t\t<\/div>\n\t\t\t\t\t<\/div>\n\t\t<\/section>\n\t\t\t\t<section data-particle_enable=\"false\" data-particle-mobile-disabled=\"false\" class=\"elementor-section elementor-top-section elementor-element elementor-element-24c84f2 elementor-section-content-middle elementor-reverse-mobile elementor-section-boxed elementor-section-height-default elementor-section-height-default\" data-id=\"24c84f2\" data-element_type=\"section\" data-e-type=\"section\">\n\t\t\t\t\t\t<div class=\"elementor-container elementor-column-gap-no\">\n\t\t\t\t\t<div class=\"elementor-column elementor-col-100 elementor-top-column elementor-element elementor-element-446f237\" data-id=\"446f237\" data-element_type=\"column\" data-e-type=\"column\">\n\t\t\t<div class=\"elementor-widget-wrap elementor-element-populated\">\n\t\t\t\t\t\t<div class=\"elementor-element elementor-element-79bd543 elementor-widget elementor-widget-heading\" data-id=\"79bd543\" data-element_type=\"widget\" data-e-type=\"widget\" data-widget_type=\"heading.default\">\n\t\t\t\t<div class=\"elementor-widget-container\">\n\t\t\t\t\t<h6 class=\"elementor-heading-title elementor-size-default\">Training of key actors<\/h6>\t\t\t\t<\/div>\n\t\t\t\t<\/div>\n\t\t\t\t\t<\/div>\n\t\t<\/div>\n\t\t\t\t\t<\/div>\n\t\t<\/section>\n\t\t\t\t<section data-particle_enable=\"false\" data-particle-mobile-disabled=\"false\" class=\"elementor-section elementor-top-section elementor-element elementor-element-51c16e9 elementor-section-boxed elementor-section-height-default elementor-section-height-default\" data-id=\"51c16e9\" data-element_type=\"section\" data-e-type=\"section\">\n\t\t\t\t\t\t<div class=\"elementor-container elementor-column-gap-default\">\n\t\t\t\t\t<div class=\"elementor-column elementor-col-100 elementor-top-column elementor-element elementor-element-01f314b\" data-id=\"01f314b\" data-element_type=\"column\" data-e-type=\"column\">\n\t\t\t<div class=\"elementor-widget-wrap elementor-element-populated\">\n\t\t\t\t\t\t<div class=\"elementor-element elementor-element-1ad026b elementor-widget elementor-widget-heading\" data-id=\"1ad026b\" data-element_type=\"widget\" data-e-type=\"widget\" data-widget_type=\"heading.default\">\n\t\t\t\t<div class=\"elementor-widget-container\">\n\t\t\t\t\t<h3 class=\"elementor-heading-title elementor-size-default\"><b>Goal<\/b><\/h3>\t\t\t\t<\/div>\n\t\t\t\t<\/div>\n\t\t\t\t<div class=\"elementor-element elementor-element-aa5e544 elementor-widget elementor-widget-text-editor\" data-id=\"aa5e544\" data-element_type=\"widget\" data-e-type=\"widget\" data-widget_type=\"text-editor.default\">\n\t\t\t\t<div class=\"elementor-widget-container\">\n\t\t\t\t\t\t\t\t\t<p style=\"text-align: left;\">Provide awareness and training workshops on the problem of ASI to various strategic actors (teachers, local authorities, members of CSOs, key community actors) to generate an alliance and common language that allow effectively addressing the prevention and care of ASI cases in Malinalco.\u00a0<\/p>\t\t\t\t\t\t\t\t<\/div>\n\t\t\t\t<\/div>\n\t\t\t\t<div class=\"elementor-element elementor-element-ca86297 elementor-widget elementor-widget-heading\" data-id=\"ca86297\" data-element_type=\"widget\" data-e-type=\"widget\" data-widget_type=\"heading.default\">\n\t\t\t\t<div class=\"elementor-widget-container\">\n\t\t\t\t\t<h3 class=\"elementor-heading-title elementor-size-default\"><b>Results<\/b><\/h3>\t\t\t\t<\/div>\n\t\t\t\t<\/div>\n\t\t\t\t<div class=\"elementor-element elementor-element-2659d91 elementor-widget elementor-widget-text-editor\" data-id=\"2659d91\" data-element_type=\"widget\" data-e-type=\"widget\" data-widget_type=\"text-editor.default\">\n\t\t\t\t<div class=\"elementor-widget-container\">\n\t\t\t\t\t\t\t\t\t<ul style=\"font-size: 16px; background-color: #ffffff;\"><li style=\"font-size: 16px; text-align: left;\">We have trained 50 people from 14 institutions with different specialties, approaches and lines of business.<\/li><li style=\"font-size: 16px; text-align: left;\">The 80% of the participants have increased their knowledge on issues related to the detection and prevention of ASI.<\/li><li style=\"font-size: 16px; text-align: left;\">The 100% of the participants consider that:<br \/><ul style=\"font-size: 16px;\"><li style=\"font-size: 16px; text-align: left;\">The process provided them with truthful and relevant information about the ASI.<\/li><li style=\"font-size: 16px; text-align: left;\">There is truthful, relevant and accessible information about the ASI in Malinalco.<\/li><li style=\"font-size: 16px; text-align: left;\">Thanks to this training, there are already tools and a common language in Malinalco among the key actors in the community to address the prevention and care of ASI.<\/li><\/ul><\/li><\/ul>\t\t\t\t\t\t\t\t<\/div>\n\t\t\t\t<\/div>\n\t\t\t\t\t<\/div>\n\t\t<\/div>\n\t\t\t\t\t<\/div>\n\t\t<\/section>\n\t\t\t\t<section data-particle_enable=\"false\" data-particle-mobile-disabled=\"false\" class=\"elementor-section elementor-top-section elementor-element elementor-element-7a871ee elementor-section-content-middle elementor-reverse-mobile elementor-section-boxed elementor-section-height-default elementor-section-height-default\" data-id=\"7a871ee\" data-element_type=\"section\" data-e-type=\"section\">\n\t\t\t\t\t\t<div class=\"elementor-container elementor-column-gap-no\">\n\t\t\t\t\t<div class=\"elementor-column elementor-col-100 elementor-top-column elementor-element elementor-element-11bddcc\" data-id=\"11bddcc\" data-element_type=\"column\" data-e-type=\"column\">\n\t\t\t<div class=\"elementor-widget-wrap elementor-element-populated\">\n\t\t\t\t\t\t<div class=\"elementor-element elementor-element-f7724b3 elementor-widget elementor-widget-heading\" data-id=\"f7724b3\" data-element_type=\"widget\" data-e-type=\"widget\" data-widget_type=\"heading.default\">\n\t\t\t\t<div class=\"elementor-widget-container\">\n\t\t\t\t\t<h6 class=\"elementor-heading-title elementor-size-default\">ASI prevention workshops for girls, boys and adolescents<\/h6>\t\t\t\t<\/div>\n\t\t\t\t<\/div>\n\t\t\t\t\t<\/div>\n\t\t<\/div>\n\t\t\t\t\t<\/div>\n\t\t<\/section>\n\t\t\t\t<section data-particle_enable=\"false\" data-particle-mobile-disabled=\"false\" class=\"elementor-section elementor-top-section elementor-element elementor-element-16ad570 elementor-section-boxed elementor-section-height-default elementor-section-height-default\" data-id=\"16ad570\" data-element_type=\"section\" data-e-type=\"section\">\n\t\t\t\t\t\t<div class=\"elementor-container elementor-column-gap-default\">\n\t\t\t\t\t<div class=\"elementor-column elementor-col-50 elementor-top-column elementor-element elementor-element-72261d0\" data-id=\"72261d0\" data-element_type=\"column\" data-e-type=\"column\">\n\t\t\t<div class=\"elementor-widget-wrap elementor-element-populated\">\n\t\t\t\t\t\t<div class=\"elementor-element elementor-element-0b98135 elementor-widget elementor-widget-image\" data-id=\"0b98135\" data-element_type=\"widget\" data-e-type=\"widget\" data-widget_type=\"image.default\">\n\t\t\t\t<div class=\"elementor-widget-container\">\n\t\t\t\t\t\t\t\t\t\t\t\t\t\t\t<img fetchpriority=\"high\" decoding=\"async\" width=\"1656\" height=\"1105\" src=\"https:\/\/imaginalco.org\/wp-content\/uploads\/2022\/07\/Final_Einar_Color_Mali_DSC3303_11zon.jpg\" class=\"attachment-full size-full wp-image-859\" alt=\"\" srcset=\"https:\/\/imaginalco.org\/wp-content\/uploads\/2022\/07\/Final_Einar_Color_Mali_DSC3303_11zon.jpg 1656w, https:\/\/imaginalco.org\/wp-content\/uploads\/2022\/07\/Final_Einar_Color_Mali_DSC3303_11zon-300x200.jpg 300w, https:\/\/imaginalco.org\/wp-content\/uploads\/2022\/07\/Final_Einar_Color_Mali_DSC3303_11zon-1024x683.jpg 1024w, https:\/\/imaginalco.org\/wp-content\/uploads\/2022\/07\/Final_Einar_Color_Mali_DSC3303_11zon-768x512.jpg 768w, https:\/\/imaginalco.org\/wp-content\/uploads\/2022\/07\/Final_Einar_Color_Mali_DSC3303_11zon-1536x1025.jpg 1536w\" sizes=\"(max-width: 1656px) 100vw, 1656px\" \/>\t\t\t\t\t\t\t\t\t\t\t\t\t\t\t<\/div>\n\t\t\t\t<\/div>\n\t\t\t\t\t<\/div>\n\t\t<\/div>\n\t\t\t\t<div class=\"elementor-column elementor-col-50 elementor-top-column elementor-element elementor-element-68a5a10\" data-id=\"68a5a10\" data-element_type=\"column\" data-e-type=\"column\">\n\t\t\t<div class=\"elementor-widget-wrap elementor-element-populated\">\n\t\t\t\t\t\t<div class=\"elementor-element elementor-element-6703163 elementor-widget elementor-widget-heading\" data-id=\"6703163\" data-element_type=\"widget\" data-e-type=\"widget\" data-widget_type=\"heading.default\">\n\t\t\t\t<div class=\"elementor-widget-container\">\n\t\t\t\t\t<h3 class=\"elementor-heading-title elementor-size-default\"><b>Goal<\/b><\/h3>\t\t\t\t<\/div>\n\t\t\t\t<\/div>\n\t\t\t\t<div class=\"elementor-element elementor-element-55fb02b elementor-widget elementor-widget-text-editor\" data-id=\"55fb02b\" data-element_type=\"widget\" data-e-type=\"widget\" data-widget_type=\"text-editor.default\">\n\t\t\t\t<div class=\"elementor-widget-container\">\n\t\t\t\t\t\t\t\t\t<p style=\"text-align: left;\">Through these workshops we seek to strengthen the knowledge, tools, and skills in children and adolescents focused on self-knowledge, self-care, and protection, to reduce the vulnerability of ASI and act appropriately if a case were to occur.<\/p>\t\t\t\t\t\t\t\t<\/div>\n\t\t\t\t<\/div>\n\t\t\t\t<div class=\"elementor-element elementor-element-aa0c1d2 elementor-widget elementor-widget-heading\" data-id=\"aa0c1d2\" data-element_type=\"widget\" data-e-type=\"widget\" data-widget_type=\"heading.default\">\n\t\t\t\t<div class=\"elementor-widget-container\">\n\t\t\t\t\t<h3 class=\"elementor-heading-title elementor-size-default\"><span style=\"font-weight: 700\">Results<\/span><\/h3>\t\t\t\t<\/div>\n\t\t\t\t<\/div>\n\t\t\t\t<div class=\"elementor-element elementor-element-16876a0 elementor-widget elementor-widget-text-editor\" data-id=\"16876a0\" data-element_type=\"widget\" data-e-type=\"widget\" data-widget_type=\"text-editor.default\">\n\t\t\t\t<div class=\"elementor-widget-container\">\n\t\t\t\t\t\t\t\t\t<ul style=\"font-size: 16px; background-color: #ffffff;\"><li style=\"font-size: 16px; text-align: left;\">We have implemented 7 workshops in Malinalco.<\/li><li style=\"font-size: 16px; text-align: left;\">76 girls, boys and adolescents have participated.\u00a0<\/li><li style=\"font-size: 16px; text-align: left;\">The 100% of the people who have participated have increased their knowledge on the subject of ASI.<\/li><li style=\"font-size: 16px; text-align: left;\">The areas in which their knowledge and skills have increased the most is in: identification of emotions, identification and response to dangerous situations, good and bad secrets and trusted people.\u00a0<\/li><\/ul>\t\t\t\t\t\t\t\t<\/div>\n\t\t\t\t<\/div>\n\t\t\t\t\t<\/div>\n\t\t<\/div>\n\t\t\t\t\t<\/div>\n\t\t<\/section>\n\t\t\t\t<section data-particle_enable=\"false\" data-particle-mobile-disabled=\"false\" class=\"elementor-section elementor-top-section elementor-element elementor-element-fa48a60 elementor-section-content-middle elementor-reverse-mobile elementor-section-boxed elementor-section-height-default elementor-section-height-default\" data-id=\"fa48a60\" data-element_type=\"section\" data-e-type=\"section\">\n\t\t\t\t\t\t<div class=\"elementor-container elementor-column-gap-no\">\n\t\t\t\t\t<div class=\"elementor-column elementor-col-100 elementor-top-column elementor-element elementor-element-b142085\" data-id=\"b142085\" data-element_type=\"column\" data-e-type=\"column\">\n\t\t\t<div class=\"elementor-widget-wrap elementor-element-populated\">\n\t\t\t\t\t\t<div class=\"elementor-element elementor-element-ae7407c elementor-widget elementor-widget-heading\" data-id=\"ae7407c\" data-element_type=\"widget\" data-e-type=\"widget\" data-widget_type=\"heading.default\">\n\t\t\t\t<div class=\"elementor-widget-container\">\n\t\t\t\t\t<h6 class=\"elementor-heading-title elementor-size-default\">ASI prevention workshops for protective figures<\/h6>\t\t\t\t<\/div>\n\t\t\t\t<\/div>\n\t\t\t\t\t<\/div>\n\t\t<\/div>\n\t\t\t\t\t<\/div>\n\t\t<\/section>\n\t\t\t\t<section data-particle_enable=\"false\" data-particle-mobile-disabled=\"false\" class=\"elementor-section elementor-top-section elementor-element elementor-element-242559e elementor-section-boxed elementor-section-height-default elementor-section-height-default\" data-id=\"242559e\" data-element_type=\"section\" data-e-type=\"section\">\n\t\t\t\t\t\t<div class=\"elementor-container elementor-column-gap-default\">\n\t\t\t\t\t<div class=\"elementor-column elementor-col-50 elementor-top-column elementor-element elementor-element-f607325\" data-id=\"f607325\" data-element_type=\"column\" data-e-type=\"column\">\n\t\t\t<div class=\"elementor-widget-wrap elementor-element-populated\">\n\t\t\t\t\t\t<div class=\"elementor-element elementor-element-a6effae elementor-widget elementor-widget-heading\" data-id=\"a6effae\" data-element_type=\"widget\" data-e-type=\"widget\" data-widget_type=\"heading.default\">\n\t\t\t\t<div class=\"elementor-widget-container\">\n\t\t\t\t\t<h3 class=\"elementor-heading-title elementor-size-default\"><b>Goal<\/b><\/h3>\t\t\t\t<\/div>\n\t\t\t\t<\/div>\n\t\t\t\t<div class=\"elementor-element elementor-element-1cb2b89 elementor-widget elementor-widget-text-editor\" data-id=\"1cb2b89\" data-element_type=\"widget\" data-e-type=\"widget\" data-widget_type=\"text-editor.default\">\n\t\t\t\t<div class=\"elementor-widget-container\">\n\t\t\t\t\t\t\t\t\t<p style=\"text-align: left;\">Through these workshops we seek to enhance skills, strategies and tools, so that protective figures acquire the necessary skills for the effective prevention of child sexual abuse, reduce the vulnerability of children and adolescents to ASI and that they can act appropriately if an incident occurs. case.<\/p>\t\t\t\t\t\t\t\t<\/div>\n\t\t\t\t<\/div>\n\t\t\t\t<div class=\"elementor-element elementor-element-8861fe6 elementor-widget elementor-widget-heading\" data-id=\"8861fe6\" data-element_type=\"widget\" data-e-type=\"widget\" data-widget_type=\"heading.default\">\n\t\t\t\t<div class=\"elementor-widget-container\">\n\t\t\t\t\t<h3 class=\"elementor-heading-title elementor-size-default\"><span style=\"font-weight: 700\">Results<\/span><\/h3>\t\t\t\t<\/div>\n\t\t\t\t<\/div>\n\t\t\t\t<div class=\"elementor-element elementor-element-66a967e elementor-widget elementor-widget-text-editor\" data-id=\"66a967e\" data-element_type=\"widget\" data-e-type=\"widget\" data-widget_type=\"text-editor.default\">\n\t\t\t\t<div class=\"elementor-widget-container\">\n\t\t\t\t\t\t\t\t\t<ul style=\"background-color: #ffffff;\">\n<li style=\"text-align: left;\">We have given 5 workshops held in 4 different institutions in Malinalco.<\/li>\n<li style=\"text-align: left;\">84 protective figures (mothers, parents and teachers) have participated.&nbsp;<\/li>\n<li style=\"text-align: left;\">The 100% of the people who have participated have increased their knowledge on the subject of ASI.<\/li>\n<\/ul>\t\t\t\t\t\t\t\t<\/div>\n\t\t\t\t<\/div>\n\t\t\t\t<div class=\"elementor-element elementor-element-6a9e9e6 elementor-widget elementor-widget-heading\" data-id=\"6a9e9e6\" data-element_type=\"widget\" data-e-type=\"widget\" data-widget_type=\"heading.default\">\n\t\t\t\t<div class=\"elementor-widget-container\">\n\t\t\t\t\t<h3 class=\"elementor-heading-title elementor-size-default\"><b>Testimonials<\/b><\/h3>\t\t\t\t<\/div>\n\t\t\t\t<\/div>\n\t\t\t\t<div class=\"elementor-element elementor-element-e4e81ef elementor-widget elementor-widget-text-editor\" data-id=\"e4e81ef\" data-element_type=\"widget\" data-e-type=\"widget\" data-widget_type=\"text-editor.default\">\n\t\t\t\t<div class=\"elementor-widget-container\">\n\t\t\t\t\t\t\t\t\t<ul style=\"background-color: #ffffff;\"><li style=\"text-align: left;\">\u201cIt is extremely important to have the necessary tools to protect the health and safety of our girls.\u201d\u00a0<\/li><li style=\"text-align: left;\">&quot;I love how they provide us with information and make us feel, think, analyze and deepen it.&quot;<\/li><\/ul>\t\t\t\t\t\t\t\t<\/div>\n\t\t\t\t<\/div>\n\t\t\t\t\t<\/div>\n\t\t<\/div>\n\t\t\t\t<div class=\"elementor-column elementor-col-50 elementor-top-column elementor-element elementor-element-7380f73\" data-id=\"7380f73\" data-element_type=\"column\" data-e-type=\"column\">\n\t\t\t<div class=\"elementor-widget-wrap elementor-element-populated\">\n\t\t\t\t\t\t<div class=\"elementor-element elementor-element-cea9e3b elementor-widget elementor-widget-image\" data-id=\"cea9e3b\" data-element_type=\"widget\" data-e-type=\"widget\" data-widget_type=\"image.default\">\n\t\t\t\t<div class=\"elementor-widget-container\">\n\t\t\t\t\t\t\t\t\t\t\t\t\t\t\t<img decoding=\"async\" width=\"3024\" height=\"4032\" src=\"https:\/\/imaginalco.org\/wp-content\/uploads\/2022\/11\/IMG_4806-2-6.jpg\" class=\"attachment-full size-full wp-image-3678\" alt=\"\" srcset=\"https:\/\/imaginalco.org\/wp-content\/uploads\/2022\/11\/IMG_4806-2-6.jpg 3024w, https:\/\/imaginalco.org\/wp-content\/uploads\/2022\/11\/IMG_4806-2-6-225x300.jpg 225w, https:\/\/imaginalco.org\/wp-content\/uploads\/2022\/11\/IMG_4806-2-6-768x1024.jpg 768w, https:\/\/imaginalco.org\/wp-content\/uploads\/2022\/11\/IMG_4806-2-6-1152x1536.jpg 1152w, https:\/\/imaginalco.org\/wp-content\/uploads\/2022\/11\/IMG_4806-2-6-1536x2048.jpg 1536w, https:\/\/imaginalco.org\/wp-content\/uploads\/2022\/11\/IMG_4806-2-6-9x12.jpg 9w\" sizes=\"(max-width: 3024px) 100vw, 3024px\" \/>\t\t\t\t\t\t\t\t\t\t\t\t\t\t\t<\/div>\n\t\t\t\t<\/div>\n\t\t\t\t\t<\/div>\n\t\t<\/div>\n\t\t\t\t\t<\/div>\n\t\t<\/section>\n\t\t\t\t<\/div>","protected":false},"excerpt":{"rendered":"<p>Educaci\u00f3n En este componente buscamos, a trav\u00e9s de talleres y capacitaciones, incrementar conocimientos, habilidades y capacidades en ni\u00f1as, ni\u00f1os y adolescentes (NNA) as\u00ed como en figuras protectoras para prevenir riesgos de abuso sexual infantil (ASI) y que ante una situaci\u00f3n de ASI, puedan hablarlo con alguna figura protectora, y a su vez, las figuras protectoras [&hellip;]<\/p>\n","protected":false},"author":39,"featured_media":0,"parent":0,"menu_order":0,"comment_status":"closed","ping_status":"closed","template":"","meta":{"_eb_attr":"","footnotes":""},"class_list":["post-3514","page","type-page","status-publish","hentry"],"_links":{"self":[{"href":"https:\/\/imaginalco.org\/en\/wp-json\/wp\/v2\/pages\/3514","targetHints":{"allow":["GET"]}}],"collection":[{"href":"https:\/\/imaginalco.org\/en\/wp-json\/wp\/v2\/pages"}],"about":[{"href":"https:\/\/imaginalco.org\/en\/wp-json\/wp\/v2\/types\/page"}],"author":[{"embeddable":true,"href":"https:\/\/imaginalco.org\/en\/wp-json\/wp\/v2\/users\/39"}],"replies":[{"embeddable":true,"href":"https:\/\/imaginalco.org\/en\/wp-json\/wp\/v2\/comments?post=3514"}],"version-history":[{"count":1,"href":"https:\/\/imaginalco.org\/en\/wp-json\/wp\/v2\/pages\/3514\/revisions"}],"predecessor-version":[{"id":5836,"href":"https:\/\/imaginalco.org\/en\/wp-json\/wp\/v2\/pages\/3514\/revisions\/5836"}],"wp:attachment":[{"href":"https:\/\/imaginalco.org\/en\/wp-json\/wp\/v2\/media?parent=3514"}],"curies":[{"name":"wp","href":"https:\/\/api.w.org\/{rel}","templated":true}]}}