{"id":3516,"date":"2022-11-15T00:33:42","date_gmt":"2022-11-15T00:33:42","guid":{"rendered":"https:\/\/imaginalco.org\/?page_id=3516"},"modified":"2023-08-24T07:33:33","modified_gmt":"2023-08-24T07:33:33","slug":"comunicacion","status":"publish","type":"page","link":"https:\/\/imaginalco.org\/en\/comunicacion\/","title":{"rendered":"Communication"},"content":{"rendered":"<div data-elementor-type=\"wp-page\" data-elementor-id=\"3516\" class=\"elementor elementor-3516\" data-elementor-post-type=\"page\">\n\t\t\t\t\t\t<section data-particle_enable=\"false\" data-particle-mobile-disabled=\"false\" class=\"elementor-section elementor-top-section elementor-element elementor-element-63f10e4 elementor-section-content-middle elementor-section-boxed elementor-section-height-default elementor-section-height-default\" data-id=\"63f10e4\" data-element_type=\"section\" data-e-type=\"section\">\n\t\t\t\t\t\t\t<div class=\"elementor-background-overlay\"><\/div>\n\t\t\t\t\t\t\t<div class=\"elementor-container elementor-column-gap-no\">\n\t\t\t\t\t<div class=\"elementor-column elementor-col-100 elementor-top-column elementor-element elementor-element-56cb371\" data-id=\"56cb371\" data-element_type=\"column\" data-e-type=\"column\">\n\t\t\t<div class=\"elementor-widget-wrap elementor-element-populated\">\n\t\t\t\t\t\t<div class=\"elementor-element elementor-element-8954877 elementor-widget elementor-widget-heading\" data-id=\"8954877\" data-element_type=\"widget\" data-e-type=\"widget\" data-widget_type=\"heading.default\">\n\t\t\t\t<div class=\"elementor-widget-container\">\n\t\t\t\t\t<h1 class=\"elementor-heading-title elementor-size-default\">Communication<\/h1>\t\t\t\t<\/div>\n\t\t\t\t<\/div>\n\t\t\t\t<div class=\"elementor-element elementor-element-c4e1c23 elementor-widget elementor-widget-text-editor\" data-id=\"c4e1c23\" data-element_type=\"widget\" data-e-type=\"widget\" data-widget_type=\"text-editor.default\">\n\t\t\t\t<div class=\"elementor-widget-container\">\n\t\t\t\t\t\t\t\t\t<p><span style=\"color: #2d2d2d;\">In this component we look for, f<\/span><span style=\"color: #2d2d2d;\">Strengthen the capacities in the community to detect, prevent and address child sexual abuse (ASI) in Malinalco, and thus ensure the right of children and young people to a life free of violence. Specifically we seek that<\/span><span style=\"color: #2d2d2d;\">The girls, boys and adolescents of the community&nbsp;&nbsp;<\/span><span style=\"color: #2d2d2d;\">1) know the situations that put them at risk of ASI, and know how to prevent and&nbsp;<\/span><span style=\"color: #2d2d2d;\">2) that if they experience a situation of abuse they are able to tell an adult about it.&nbsp;<\/span><span style=\"color: #2d2d2d;\">We also work so that protective figures (moms, dads, educators, etc.) achieve&nbsp;<br><\/span><span style=\"color: rgb(45, 45, 45); font-family: var( --e-global-typography-text-font-family ), Sans-serif; font-weight: var( --e-global-typography-text-font-weight );\">1) identify ASI risk situations and know how to prevent them&nbsp;<br><\/span><span style=\"color: rgb(45, 45, 45); font-family: var( --e-global-typography-text-font-family ), Sans-serif; font-weight: var( --e-global-typography-text-font-weight );\">2) respond appropriately when children report abuse.<\/span><\/p>\t\t\t\t\t\t\t\t<\/div>\n\t\t\t\t<\/div>\n\t\t\t\t\t<\/div>\n\t\t<\/div>\n\t\t\t\t\t<\/div>\n\t\t<\/section>\n\t\t\t\t<section data-particle_enable=\"false\" data-particle-mobile-disabled=\"false\" class=\"elementor-section elementor-top-section elementor-element elementor-element-ad272eb elementor-section-content-middle elementor-reverse-mobile elementor-section-boxed elementor-section-height-default elementor-section-height-default\" data-id=\"ad272eb\" data-element_type=\"section\" data-e-type=\"section\">\n\t\t\t\t\t\t<div class=\"elementor-container elementor-column-gap-no\">\n\t\t\t\t\t<div class=\"elementor-column elementor-col-100 elementor-top-column elementor-element elementor-element-26cd900\" data-id=\"26cd900\" data-element_type=\"column\" data-e-type=\"column\">\n\t\t\t<div class=\"elementor-widget-wrap elementor-element-populated\">\n\t\t\t\t\t\t<div class=\"elementor-element elementor-element-567adbb elementor-widget elementor-widget-heading\" data-id=\"567adbb\" data-element_type=\"widget\" data-e-type=\"widget\" data-widget_type=\"heading.default\">\n\t\t\t\t<div class=\"elementor-widget-container\">\n\t\t\t\t\t<h6 class=\"elementor-heading-title elementor-size-default\">Comunication for the development<\/h6>\t\t\t\t<\/div>\n\t\t\t\t<\/div>\n\t\t\t\t<div class=\"elementor-element elementor-element-a98957b elementor-widget elementor-widget-text-editor\" data-id=\"a98957b\" data-element_type=\"widget\" data-e-type=\"widget\" data-widget_type=\"text-editor.default\">\n\t\t\t\t<div class=\"elementor-widget-container\">\n\t\t\t\t\t\t\t\t\t<p>Communication for development refers to communication strategies that are applied with the aim of improving people&#039;s living conditions and bringing about social changes. Through our campaign &quot;ASI we don&#039;t play&quot; we seek to strengthen the capacities in the community to detect, prevent and attend to ASI in Malinalco.\u00a0<\/p>\t\t\t\t\t\t\t\t<\/div>\n\t\t\t\t<\/div>\n\t\t\t\t<div class=\"elementor-element elementor-element-5ec7d93 elementor-widget elementor-widget-image\" data-id=\"5ec7d93\" data-element_type=\"widget\" data-e-type=\"widget\" data-widget_type=\"image.default\">\n\t\t\t\t<div class=\"elementor-widget-container\">\n\t\t\t\t\t\t\t\t\t\t\t\t\t\t\t<img fetchpriority=\"high\" decoding=\"async\" width=\"800\" height=\"450\" src=\"https:\/\/imaginalco.org\/wp-content\/uploads\/2022\/11\/De-todos-los-ninosas-que-han-sufrido-abusos-sexuales-4-1024x576.png\" class=\"attachment-large size-large wp-image-3845\" alt=\"\" srcset=\"https:\/\/imaginalco.org\/wp-content\/uploads\/2022\/11\/De-todos-los-ninosas-que-han-sufrido-abusos-sexuales-4-1024x576.png 1024w, https:\/\/imaginalco.org\/wp-content\/uploads\/2022\/11\/De-todos-los-ninosas-que-han-sufrido-abusos-sexuales-4-300x169.png 300w, https:\/\/imaginalco.org\/wp-content\/uploads\/2022\/11\/De-todos-los-ninosas-que-han-sufrido-abusos-sexuales-4-768x432.png 768w, https:\/\/imaginalco.org\/wp-content\/uploads\/2022\/11\/De-todos-los-ninosas-que-han-sufrido-abusos-sexuales-4-1536x864.png 1536w, https:\/\/imaginalco.org\/wp-content\/uploads\/2022\/11\/De-todos-los-ninosas-que-han-sufrido-abusos-sexuales-4-18x10.png 18w, https:\/\/imaginalco.org\/wp-content\/uploads\/2022\/11\/De-todos-los-ninosas-que-han-sufrido-abusos-sexuales-4.png 1920w\" sizes=\"(max-width: 800px) 100vw, 800px\" \/>\t\t\t\t\t\t\t\t\t\t\t\t\t\t\t<\/div>\n\t\t\t\t<\/div>\n\t\t\t\t<div class=\"elementor-element elementor-element-18fe42f elementor-widget elementor-widget-heading\" data-id=\"18fe42f\" data-element_type=\"widget\" data-e-type=\"widget\" data-widget_type=\"heading.default\">\n\t\t\t\t<div class=\"elementor-widget-container\">\n\t\t\t\t\t<h6 class=\"elementor-heading-title elementor-size-default\">Achievements<\/h6>\t\t\t\t<\/div>\n\t\t\t\t<\/div>\n\t\t\t\t\t<\/div>\n\t\t<\/div>\n\t\t\t\t\t<\/div>\n\t\t<\/section>\n\t\t\t\t<section data-particle_enable=\"false\" data-particle-mobile-disabled=\"false\" class=\"elementor-section elementor-top-section elementor-element elementor-element-b330133 elementor-section-boxed elementor-section-height-default elementor-section-height-default\" data-id=\"b330133\" data-element_type=\"section\" data-e-type=\"section\">\n\t\t\t\t\t\t<div class=\"elementor-container elementor-column-gap-default\">\n\t\t\t\t\t<div class=\"elementor-column elementor-col-33 elementor-top-column elementor-element elementor-element-6707edd\" data-id=\"6707edd\" data-element_type=\"column\" data-e-type=\"column\">\n\t\t\t<div class=\"elementor-widget-wrap elementor-element-populated\">\n\t\t\t\t\t\t<div class=\"elementor-element elementor-element-dfe86c1 elementor-position-top elementor-widget elementor-widget-image-box\" data-id=\"dfe86c1\" data-element_type=\"widget\" data-e-type=\"widget\" data-widget_type=\"image-box.default\">\n\t\t\t\t<div class=\"elementor-widget-container\">\n\t\t\t\t\t<div class=\"elementor-image-box-wrapper\"><figure class=\"elementor-image-box-img\"><img decoding=\"async\" width=\"1200\" height=\"1008\" src=\"https:\/\/imaginalco.org\/wp-content\/uploads\/2022\/11\/PHOTO-2022-05-13-14-21-50-e1668790419279.jpg\" class=\"attachment-full size-full wp-image-3849\" alt=\"\" srcset=\"https:\/\/imaginalco.org\/wp-content\/uploads\/2022\/11\/PHOTO-2022-05-13-14-21-50-e1668790419279.jpg 1200w, https:\/\/imaginalco.org\/wp-content\/uploads\/2022\/11\/PHOTO-2022-05-13-14-21-50-e1668790419279-300x252.jpg 300w, https:\/\/imaginalco.org\/wp-content\/uploads\/2022\/11\/PHOTO-2022-05-13-14-21-50-e1668790419279-1024x860.jpg 1024w, https:\/\/imaginalco.org\/wp-content\/uploads\/2022\/11\/PHOTO-2022-05-13-14-21-50-e1668790419279-768x645.jpg 768w, https:\/\/imaginalco.org\/wp-content\/uploads\/2022\/11\/PHOTO-2022-05-13-14-21-50-e1668790419279-14x12.jpg 14w\" sizes=\"(max-width: 1200px) 100vw, 1200px\" \/><\/figure><div class=\"elementor-image-box-content\"><h3 class=\"elementor-image-box-title\"><b>murals<\/b><\/h3><p class=\"elementor-image-box-description\">Design and assembly of 3 street murals in public spaces in Malinalco.<\/p><\/div><\/div>\t\t\t\t<\/div>\n\t\t\t\t<\/div>\n\t\t\t\t\t<\/div>\n\t\t<\/div>\n\t\t\t\t<div class=\"elementor-column elementor-col-33 elementor-top-column elementor-element elementor-element-3521f91\" data-id=\"3521f91\" data-element_type=\"column\" data-e-type=\"column\">\n\t\t\t<div class=\"elementor-widget-wrap elementor-element-populated\">\n\t\t\t\t\t\t<div class=\"elementor-element elementor-element-cbb29a4 elementor-position-top elementor-widget elementor-widget-image-box\" data-id=\"cbb29a4\" data-element_type=\"widget\" data-e-type=\"widget\" data-widget_type=\"image-box.default\">\n\t\t\t\t<div class=\"elementor-widget-container\">\n\t\t\t\t\t<div class=\"elementor-image-box-wrapper\"><figure class=\"elementor-image-box-img\"><img decoding=\"async\" width=\"540\" height=\"405\" src=\"https:\/\/imaginalco.org\/wp-content\/uploads\/2022\/05\/d852fb_1baff32faeea4beda990da0e75d58c1d_mv2.jpeg\" class=\"attachment-full size-full wp-image-612\" alt=\"\" srcset=\"https:\/\/imaginalco.org\/wp-content\/uploads\/2022\/05\/d852fb_1baff32faeea4beda990da0e75d58c1d_mv2.jpeg 540w, https:\/\/imaginalco.org\/wp-content\/uploads\/2022\/05\/d852fb_1baff32faeea4beda990da0e75d58c1d_mv2-300x225.jpeg 300w\" sizes=\"(max-width: 540px) 100vw, 540px\" \/><\/figure><div class=\"elementor-image-box-content\"><h3 class=\"elementor-image-box-title\"><b>posters<\/b><\/h3><p class=\"elementor-image-box-description\">We put up posters throughout the town related to the first stage of the campaign.\n\n<\/p><\/div><\/div>\t\t\t\t<\/div>\n\t\t\t\t<\/div>\n\t\t\t\t\t<\/div>\n\t\t<\/div>\n\t\t\t\t<div class=\"elementor-column elementor-col-33 elementor-top-column elementor-element elementor-element-5515195\" data-id=\"5515195\" data-element_type=\"column\" data-e-type=\"column\">\n\t\t\t<div class=\"elementor-widget-wrap elementor-element-populated\">\n\t\t\t\t\t\t<div class=\"elementor-element elementor-element-e07d44f elementor-position-top elementor-widget elementor-widget-image-box\" data-id=\"e07d44f\" data-element_type=\"widget\" data-e-type=\"widget\" data-widget_type=\"image-box.default\">\n\t\t\t\t<div class=\"elementor-widget-container\">\n\t\t\t\t\t<div class=\"elementor-image-box-wrapper\"><figure class=\"elementor-image-box-img\"><img loading=\"lazy\" decoding=\"async\" width=\"3008\" height=\"2008\" src=\"https:\/\/imaginalco.org\/wp-content\/uploads\/2022\/11\/DSC_5929-1.jpg\" class=\"attachment-full size-full wp-image-3851\" alt=\"\" srcset=\"https:\/\/imaginalco.org\/wp-content\/uploads\/2022\/11\/DSC_5929-1.jpg 3008w, https:\/\/imaginalco.org\/wp-content\/uploads\/2022\/11\/DSC_5929-1-300x200.jpg 300w, https:\/\/imaginalco.org\/wp-content\/uploads\/2022\/11\/DSC_5929-1-1024x684.jpg 1024w, https:\/\/imaginalco.org\/wp-content\/uploads\/2022\/11\/DSC_5929-1-768x513.jpg 768w, https:\/\/imaginalco.org\/wp-content\/uploads\/2022\/11\/DSC_5929-1-1536x1025.jpg 1536w, https:\/\/imaginalco.org\/wp-content\/uploads\/2022\/11\/DSC_5929-1-2048x1367.jpg 2048w, https:\/\/imaginalco.org\/wp-content\/uploads\/2022\/11\/DSC_5929-1-18x12.jpg 18w\" sizes=\"(max-width: 3008px) 100vw, 3008px\" \/><\/figure><div class=\"elementor-image-box-content\"><h3 class=\"elementor-image-box-title\"><b>public opening<\/b><\/h3><p class=\"elementor-image-box-description\">With the participation of authorities, the media, other CSOs and more than 200 people from the community.<\/p><\/div><\/div>\t\t\t\t<\/div>\n\t\t\t\t<\/div>\n\t\t\t\t\t<\/div>\n\t\t<\/div>\n\t\t\t\t\t<\/div>\n\t\t<\/section>\n\t\t\t\t<section data-particle_enable=\"false\" data-particle-mobile-disabled=\"false\" class=\"elementor-section elementor-top-section elementor-element elementor-element-2e79fcd elementor-section-content-middle elementor-reverse-mobile elementor-section-boxed elementor-section-height-default elementor-section-height-default\" data-id=\"2e79fcd\" data-element_type=\"section\" data-e-type=\"section\">\n\t\t\t\t\t\t<div class=\"elementor-container elementor-column-gap-no\">\n\t\t\t\t\t<div class=\"elementor-column elementor-col-100 elementor-top-column elementor-element elementor-element-8611d4e\" data-id=\"8611d4e\" data-element_type=\"column\" data-e-type=\"column\">\n\t\t\t<div class=\"elementor-widget-wrap elementor-element-populated\">\n\t\t\t\t\t\t<div class=\"elementor-element elementor-element-c758e8d elementor-widget elementor-widget-heading\" data-id=\"c758e8d\" data-element_type=\"widget\" data-e-type=\"widget\" data-widget_type=\"heading.default\">\n\t\t\t\t<div class=\"elementor-widget-container\">\n\t\t\t\t\t<h6 class=\"elementor-heading-title elementor-size-default\">Spokespersons Network<\/h6>\t\t\t\t<\/div>\n\t\t\t\t<\/div>\n\t\t\t\t<div class=\"elementor-element elementor-element-119c3e4 elementor-widget elementor-widget-text-editor\" data-id=\"119c3e4\" data-element_type=\"widget\" data-e-type=\"widget\" data-widget_type=\"text-editor.default\">\n\t\t\t\t<div class=\"elementor-widget-container\">\n\t\t\t\t\t\t\t\t\t<p>Our objective was to form a group of women interested in caring for the well-being and health of children and adolescents in Malinalco so that they act as a protection network before the ASI, becoming trusted references for them, listening to them and protecting themselves from dangerous situations, and to their time, that they can offer them tools (either information or channeling) in case they are victims of abuse.\u00a0<\/p>\t\t\t\t\t\t\t\t<\/div>\n\t\t\t\t<\/div>\n\t\t\t\t<div class=\"elementor-element elementor-element-39c8052 elementor-widget elementor-widget-image\" data-id=\"39c8052\" data-element_type=\"widget\" data-e-type=\"widget\" data-widget_type=\"image.default\">\n\t\t\t\t<div class=\"elementor-widget-container\">\n\t\t\t\t\t\t\t\t\t\t\t\t\t\t\t<img loading=\"lazy\" decoding=\"async\" width=\"800\" height=\"533\" src=\"https:\/\/imaginalco.org\/wp-content\/uploads\/2022\/11\/PHOTO-2022-06-17-15-08-12-1024x682.jpg\" class=\"attachment-large size-large wp-image-3971\" alt=\"\" srcset=\"https:\/\/imaginalco.org\/wp-content\/uploads\/2022\/11\/PHOTO-2022-06-17-15-08-12-1024x682.jpg 1024w, https:\/\/imaginalco.org\/wp-content\/uploads\/2022\/11\/PHOTO-2022-06-17-15-08-12-300x200.jpg 300w, https:\/\/imaginalco.org\/wp-content\/uploads\/2022\/11\/PHOTO-2022-06-17-15-08-12-768x512.jpg 768w, https:\/\/imaginalco.org\/wp-content\/uploads\/2022\/11\/PHOTO-2022-06-17-15-08-12-18x12.jpg 18w, https:\/\/imaginalco.org\/wp-content\/uploads\/2022\/11\/PHOTO-2022-06-17-15-08-12.jpg 1280w\" sizes=\"(max-width: 800px) 100vw, 800px\" \/>\t\t\t\t\t\t\t\t\t\t\t\t\t\t\t<\/div>\n\t\t\t\t<\/div>\n\t\t\t\t<section data-particle_enable=\"false\" data-particle-mobile-disabled=\"false\" class=\"elementor-section elementor-inner-section elementor-element elementor-element-cf8cc2e elementor-section-boxed elementor-section-height-default elementor-section-height-default\" data-id=\"cf8cc2e\" data-element_type=\"section\" data-e-type=\"section\">\n\t\t\t\t\t\t<div class=\"elementor-container elementor-column-gap-default\">\n\t\t\t\t\t<div class=\"elementor-column elementor-col-50 elementor-inner-column elementor-element elementor-element-87c8837\" data-id=\"87c8837\" data-element_type=\"column\" data-e-type=\"column\">\n\t\t\t<div class=\"elementor-widget-wrap elementor-element-populated\">\n\t\t\t\t\t\t<div class=\"elementor-element elementor-element-d45af6a elementor-widget elementor-widget-heading\" data-id=\"d45af6a\" data-element_type=\"widget\" data-e-type=\"widget\" data-widget_type=\"heading.default\">\n\t\t\t\t<div class=\"elementor-widget-container\">\n\t\t\t\t\t<h6 class=\"elementor-heading-title elementor-size-default\">Achievements<\/h6>\t\t\t\t<\/div>\n\t\t\t\t<\/div>\n\t\t\t\t<div class=\"elementor-element elementor-element-827ae29 elementor-widget elementor-widget-text-editor\" data-id=\"827ae29\" data-element_type=\"widget\" data-e-type=\"widget\" data-widget_type=\"text-editor.default\">\n\t\t\t\t<div class=\"elementor-widget-container\">\n\t\t\t\t\t\t\t\t\t<ul><li style=\"text-align: left;\">Training of 10 women for the Red de Voceras.<\/li><li style=\"text-align: left;\">Graduation of the Voceras through a ceremony.<\/li><li style=\"text-align: left;\">First event held and convened by spokespersons to disseminate ASI prevention messages with women from their community and networks.\u00a0<\/li><\/ul>\t\t\t\t\t\t\t\t<\/div>\n\t\t\t\t<\/div>\n\t\t\t\t\t<\/div>\n\t\t<\/div>\n\t\t\t\t<div class=\"elementor-column elementor-col-50 elementor-inner-column elementor-element elementor-element-aeb3c68\" data-id=\"aeb3c68\" data-element_type=\"column\" data-e-type=\"column\">\n\t\t\t<div class=\"elementor-widget-wrap elementor-element-populated\">\n\t\t\t\t\t\t<div class=\"elementor-element elementor-element-447659f elementor-widget elementor-widget-heading\" data-id=\"447659f\" data-element_type=\"widget\" data-e-type=\"widget\" data-widget_type=\"heading.default\">\n\t\t\t\t<div class=\"elementor-widget-container\">\n\t\t\t\t\t<h6 class=\"elementor-heading-title elementor-size-default\">What remains to be done<\/h6>\t\t\t\t<\/div>\n\t\t\t\t<\/div>\n\t\t\t\t<div class=\"elementor-element elementor-element-0bc1d5c elementor-widget elementor-widget-text-editor\" data-id=\"0bc1d5c\" data-element_type=\"widget\" data-e-type=\"widget\" data-widget_type=\"text-editor.default\">\n\t\t\t\t<div class=\"elementor-widget-container\">\n\t\t\t\t\t\t\t\t\t<ul><li style=\"text-align: left;\">Creation of 5 new networks in different parts of the Municipality (away from the municipal seat where the first network was created).<\/li><li style=\"text-align: left;\">Research (analysis of egocentric networks) to understand the process of dissemination of key messages and explore to what extent they became entry points to address issues related to ASI.\u00a0<\/li><\/ul>\t\t\t\t\t\t\t\t<\/div>\n\t\t\t\t<\/div>\n\t\t\t\t\t<\/div>\n\t\t<\/div>\n\t\t\t\t\t<\/div>\n\t\t<\/section>\n\t\t\t\t\t<\/div>\n\t\t<\/div>\n\t\t\t\t\t<\/div>\n\t\t<\/section>\n\t\t\t\t<section data-particle_enable=\"false\" data-particle-mobile-disabled=\"false\" class=\"elementor-section elementor-top-section elementor-element elementor-element-64f71a7 elementor-section-boxed elementor-section-height-default elementor-section-height-default\" data-id=\"64f71a7\" data-element_type=\"section\" data-e-type=\"section\">\n\t\t\t\t\t\t<div class=\"elementor-container elementor-column-gap-default\">\n\t\t\t\t\t<div class=\"elementor-column elementor-col-100 elementor-top-column elementor-element elementor-element-bfb2d20\" data-id=\"bfb2d20\" data-element_type=\"column\" data-e-type=\"column\">\n\t\t\t<div class=\"elementor-widget-wrap elementor-element-populated\">\n\t\t\t\t\t\t<div class=\"elementor-element elementor-element-337f16a elementor-widget elementor-widget-spacer\" data-id=\"337f16a\" data-element_type=\"widget\" data-e-type=\"widget\" data-widget_type=\"spacer.default\">\n\t\t\t\t<div class=\"elementor-widget-container\">\n\t\t\t\t\t\t\t<div class=\"elementor-spacer\">\n\t\t\t<div class=\"elementor-spacer-inner\"><\/div>\n\t\t<\/div>\n\t\t\t\t\t\t<\/div>\n\t\t\t\t<\/div>\n\t\t\t\t\t<\/div>\n\t\t<\/div>\n\t\t\t\t\t<\/div>\n\t\t<\/section>\n\t\t\t\t<\/div>","protected":false},"excerpt":{"rendered":"<p>Comunicaci\u00f3n En este componente buscamos, fortalecer las capacidades en la comunidad para detectar, prevenir y atender el abuso sexual infantil (ASI) en Malinalco, y as\u00ed asegurar el derecho de ni\u00f1os, ni\u00f1as y j\u00f3venes a una vida libre de violencia. Espec\u00edficamente buscamos que las ni\u00f1as, ni\u00f1os y adolescentes de la comunidad&nbsp;&nbsp;1)conozcan las situaciones que les ponen [&hellip;]<\/p>\n","protected":false},"author":39,"featured_media":0,"parent":0,"menu_order":0,"comment_status":"closed","ping_status":"closed","template":"","meta":{"_eb_attr":"","footnotes":""},"class_list":["post-3516","page","type-page","status-publish","hentry"],"_links":{"self":[{"href":"https:\/\/imaginalco.org\/en\/wp-json\/wp\/v2\/pages\/3516","targetHints":{"allow":["GET"]}}],"collection":[{"href":"https:\/\/imaginalco.org\/en\/wp-json\/wp\/v2\/pages"}],"about":[{"href":"https:\/\/imaginalco.org\/en\/wp-json\/wp\/v2\/types\/page"}],"author":[{"embeddable":true,"href":"https:\/\/imaginalco.org\/en\/wp-json\/wp\/v2\/users\/39"}],"replies":[{"embeddable":true,"href":"https:\/\/imaginalco.org\/en\/wp-json\/wp\/v2\/comments?post=3516"}],"version-history":[{"count":1,"href":"https:\/\/imaginalco.org\/en\/wp-json\/wp\/v2\/pages\/3516\/revisions"}],"predecessor-version":[{"id":5834,"href":"https:\/\/imaginalco.org\/en\/wp-json\/wp\/v2\/pages\/3516\/revisions\/5834"}],"wp:attachment":[{"href":"https:\/\/imaginalco.org\/en\/wp-json\/wp\/v2\/media?parent=3516"}],"curies":[{"name":"wp","href":"https:\/\/api.w.org\/{rel}","templated":true}]}}